{"id":4611,"date":"2018-11-14T10:30:51","date_gmt":"2018-11-14T10:30:51","guid":{"rendered":"https:\/\/www.zedosaluminios.com\/home\/"},"modified":"2023-09-10T14:10:14","modified_gmt":"2023-09-10T14:10:14","slug":"home","status":"publish","type":"page","link":"https:\/\/www.zedosaluminios.com\/en\/","title":{"rendered":"Home"},"content":{"rendered":"<p>[vc_row full_width=&#8221;stretch_row&#8221; css=&#8221;.vc_custom_1692026513926{background: #f7f7f7 url(https:\/\/www.zedosaluminios.com\/wp-content\/uploads\/2023\/08\/cement-texture-1.jpg?id=4502) !important;background-position: center !important;background-repeat: no-repeat !important;background-size: cover !important;}&#8221;][vc_column][vc_row_inner][vc_column_inner width=&#8221;1\/2&#8243;]\r\n        <div class=\"rs-heading   vc_custom_1694349441176  \">\r\n        \t<div class=\"title-inner\">\r\n\t            \r\n\t            <h2 class=\"title\" style=\"color: #323232 !important\">About Us<\/h2>\r\n\t            \r\n\t        <\/div><div class=\"description\"><p >For over 40 years, Z\u00e9 dos Alum\u00ednios in Lagos has been dedicated to the manufacturing and commercialization of aluminum and PVC carpentry, offering a wide range of solutions in carpentry, conventional or tilt-and-turn doors and windows, gates and railings, as well as meticulously planned marquees with great attention to detail.<\/p>\n<p>We believe that every detail is crucial. We value our meticulous dedication in the planning and execution of each project. We don&#8217;t just deliver a result; we create a true transformation for your space, a place that combines functionality, security, and beauty, providing our customers with a protective and comfortable environment.<\/p><\/div><\/div><div class=\"rs-btn btn-center\">\r\n\t<a data-onhovercolor=\"#ffffff\" data-onhoverbg=\"#28406d\" data-onleavebg=\"#383286\" data-onleavecolor=\"#ffffff\" class=\"readon rs_button \" href=\"https:\/\/form.typeform.com\/to\/eYV6xtdf\" style =\"color:#ffffff;font-size:18px;background:#383286;border-color:#383286;\">Pe\u00e7a j\u00e1 um or\u00e7amento gr\u00e1tis<\/a>\r\n<\/div>\r\n\r\n[\/vc_column_inner][vc_column_inner width=&#8221;1\/2&#8243;][vc_single_image image=&#8221;4328&#8243; img_size=&#8221;full&#8221;][\/vc_column_inner][\/vc_row_inner][vc_row_inner][vc_column_inner width=&#8221;1\/2&#8243;][vc_single_image image=&#8221;3785&#8243; img_size=&#8221;full&#8221;][\/vc_column_inner][vc_column_inner width=&#8221;1\/2&#8243;]\r\n        <div class=\"rs-heading   vc_custom_1694349465313  \">\r\n        \t<div class=\"title-inner\">\r\n\t            \r\n\t            <h2 class=\"title\" style=\"color: #323232 !important\">Our Mission<\/h2>\r\n\t            \r\n\t        <\/div><div class=\"description\"><p >In our journey of over 40 years, we have built trust by providing products and services that combine durability, aesthetics, and functionality. Our commitment is the partnership between the company and the customer, aiming to ensure comfort and security wherever our materials are placed.<\/p>\n<p>We are driven by a passion for excellence and customer satisfaction. Every project we undertake is an opportunity to demonstrate our dedication and quality in creating products that enrich the lives of families.<\/p>\n<p>We appreciate the trust that all our customers place in us, and we look forward to turning all your ideas into reality.<\/p>\n<p>You can find us in Lagos and Burgau, but we are more than happy to provide services anywhere in the country, such as Lagos, Portim\u00e3o, Lagoa, Silves, Albufeira, Faro, Loul\u00e9, Olh\u00e3o, Tavira, Sines, Lisbon, Porto, or any other place you may need.<\/p><\/div><\/div>[\/vc_column_inner][\/vc_row_inner][\/vc_column][\/vc_row][vc_row full_width=&#8221;stretch_row&#8221; css=&#8221;.vc_custom_1692025227842{background-color: #383286 !important;}&#8221;][vc_column][vc_row_inner][vc_column_inner width=&#8221;1\/4&#8243;]\r\n\t\t<div class=\"services-main rs-services-default  services-center\"  data-icon-hover=\"#ccc\" data-icon-hoverbg=\"\" data-icon-bg=\"\" data-icon-color=\"#ffffff\">\r\n\r\n\t\t<div class=\"services-wrap  \"> \r\n         <div class=\"services-item\">\r\n            <div class=\"services-icon \"><i class=\"rs-custom-icon flaticon-pen\" aria-hidden=\"true\" style =\"color: #ffffff;font-size: 100px;\"><\/i><\/div>        \r\n\t\t\t<div class=\"services-desc\" >\r\n\t\t\t\t<h2 style =\"\" class=\"services-title\"><a data-onhovercolor=\"#222\" data-onleavecolor=\"#ffffff\"  style=\"color: #ffffff;\">We Offer Free Estimates<\/a><\/h2>\r\n\t\t\t\t<p  style=\"color: #ffffff\">We pay the utmost attention to your requests. Tell us what you need, and you will receive a budget proposal. <\/p>\r\n\t\t\t\t<\/div>\r\n\t\t\t<\/div>\t\r\n\t\t<\/div><\/div>[\/vc_column_inner][vc_column_inner width=&#8221;1\/4&#8243;]\r\n\t\t<div class=\"services-main rs-services-default  services-center\"  data-icon-hover=\"#ccc\" data-icon-hoverbg=\"\" data-icon-bg=\"\" data-icon-color=\"#ffffff\">\r\n\r\n\t\t<div class=\"services-wrap  \"> \r\n         <div class=\"services-item\">\r\n            <div class=\"services-icon \"><i class=\"rs-custom-icon flaticon-diamond\" aria-hidden=\"true\" style =\"color: #ffffff;font-size: 100px;\"><\/i><\/div>        \r\n\t\t\t<div class=\"services-desc\" >\r\n\t\t\t\t<h2 style =\"\" class=\"services-title\"><a data-onhovercolor=\"#222\" data-onleavecolor=\"#ffffff\"  style=\"color: #ffffff;\">Premium Quality Products<\/a><\/h2>\r\n\t\t\t\t<p  style=\"color: #ffffff\">We provide our customers with the finest products to ensure everything meets their expectations. <\/p>\r\n\t\t\t\t<\/div>\r\n\t\t\t<\/div>\t\r\n\t\t<\/div><\/div>[\/vc_column_inner][vc_column_inner width=&#8221;1\/4&#8243;]\r\n\t\t<div class=\"services-main rs-services-default  services-center\"  data-icon-hover=\"#ccc\" data-icon-hoverbg=\"\" data-icon-bg=\"\" data-icon-color=\"#ffffff\">\r\n\r\n\t\t<div class=\"services-wrap  \"> \r\n         <div class=\"services-item\">\r\n            <div class=\"services-icon \"><i class=\"rs-custom-icon flaticon-money-1\" aria-hidden=\"true\" style =\"color: #ffffff;font-size: 100px;\"><\/i><\/div>        \r\n\t\t\t<div class=\"services-desc\" >\r\n\t\t\t\t<h2 style =\"\" class=\"services-title\"><a data-onhovercolor=\"#222\" data-onleavecolor=\"#ffffff\"  style=\"color: #ffffff;\">Payment Convenience<\/a><\/h2>\r\n\t\t\t\t<p  style=\"color: #ffffff\">We are attentive to your needs, which is why we offer various payment options for your convenience. <\/p>\r\n\t\t\t\t<\/div>\r\n\t\t\t<\/div>\t\r\n\t\t<\/div><\/div>[\/vc_column_inner][vc_column_inner width=&#8221;1\/4&#8243;]\r\n\t\t<div class=\"services-main rs-services-default  services-center\"  data-icon-hover=\"#ccc\" data-icon-hoverbg=\"\" data-icon-bg=\"\" data-icon-color=\"#ffffff\">\r\n\r\n\t\t<div class=\"services-wrap  \"> \r\n         <div class=\"services-item\">\r\n            <div class=\"services-icon \"><i class=\"rs-custom-icon flaticon-career\" aria-hidden=\"true\" style =\"color: #ffffff;font-size: 100px;\"><\/i><\/div>        \r\n\t\t\t<div class=\"services-desc\" >\r\n\t\t\t\t<h2 style =\"\" class=\"services-title\"><a data-onhovercolor=\"#222\" data-onleavecolor=\"#ffffff\"  style=\"color: #ffffff;\">Experienced and Specialized Team<\/a><\/h2>\r\n\t\t\t\t<p  style=\"color: #ffffff\">We have been in the market for over 40 years to serve our customers in the best possible way. <\/p>\r\n\t\t\t\t<\/div>\r\n\t\t\t<\/div>\t\r\n\t\t<\/div><\/div>[\/vc_column_inner][\/vc_row_inner][\/vc_column][\/vc_row][vc_row full_width=&#8221;stretch_row&#8221; css=&#8221;.vc_custom_1692027925794{padding-top: 55px !important;padding-bottom: 70px !important;background-color: #fbfbfb !important;background-position: center !important;background-repeat: no-repeat !important;background-size: cover !important;}&#8221;][vc_column][vc_row_inner content_placement=&#8221;middle&#8221;][vc_column_inner width=&#8221;2\/3&#8243;]\r\n        <div class=\"rs-heading   vc_custom_1694349565604  \">\r\n        \t<div class=\"title-inner\">\r\n\t            \r\n\t            <h2 class=\"title\" style=\"color: #323232 !important\">Our Services<\/h2>\r\n\t            \r\n\t        <\/div><\/div>[\/vc_column_inner][vc_column_inner el_class=&#8221;text-right&#8221; width=&#8221;1\/3&#8243; css=&#8221;.vc_custom_1546863155404{padding-bottom: 40px !important;}&#8221;]\r\n<div class=\"rs-btn2 btn-right\">\r\n\t<a data-onhovercolor=\"#ffffff\" data-onhoverbg=\"#323232\" data-onleavebg=\"#000170\" data-onleavecolor=\"#ffffff\" data-bordercolor=\"#000170\" class=\"readon rs_button btn-border\" href=\"https:\/\/www.zedosaluminios.com\/en\/our-services\/\" style =\"color:#ffffff;background:#000170;border-color:#000170;\">Service Information<\/a>\r\n<\/div>[\/vc_column_inner][\/vc_row_inner][vc_row_inner el_class=&#8221;dark-service&#8221;][vc_column_inner width=&#8221;1\/3&#8243;]<div class=\"rs-services-style3  services-center  vc_custom_1694354915590 heightservices\"  >\r\n\t\t\t<div class=\"bg-img\" style=\"background-image: url(https:\/\/www.zedosaluminios.com\/wp-content\/uploads\/2023\/07\/IMG_20220804_124725-1024x484.jpg);\"><a class=\"readon\" href=\"https:\/\/www.zedosaluminios.com\/en\/windows-in-pvc-or-aluminum\/\" title=\"\">Read More<\/a><\/div>\r\n\t\r\n\t<div class=\"services-item\">\r\n\t\t<div class=\"services-icon\">\r\n\t\t\t<span style=\"\"><i class=\"vc_icon_element-icon fas fa-american-sign-language-interpreting\" style=\"color: #4caf50;font-size: 0px;\"><\/i><\/span>\r\n\t\t<\/div>\r\n\t\t<div class=\"services-desc\" >\r\n\t\t\t<h4 class=\"services-title\" style=\"padding-top: 15px;\"><a href=\"https:\/\/www.zedosaluminios.com\/en\/windows-in-pvc-or-aluminum\/\" title=\"\" style=\"color: #ffffff;font-size: 24px;\" > Windows <\/a><\/h4>\r\n\t\t\t<p  style=\"color: #fefefe\"><\/p>\r\n\t\t<\/div>\r\n\t<\/div>\t\r\n<\/div><div class=\"rs-services-style3  services-center  vc_custom_1694354929319 heightservices\"  >\r\n\t\t\t<div class=\"bg-img\" style=\"background-image: url(https:\/\/www.zedosaluminios.com\/wp-content\/uploads\/2020\/04\/Portao-Seccionado-e1587760089995.png);\"><a class=\"readon\" href=\"https:\/\/www.zedosaluminios.com\/en\/gates-and-railings\/\" title=\"\">Read More<\/a><\/div>\r\n\t\r\n\t<div class=\"services-item\">\r\n\t\t<div class=\"services-icon\">\r\n\t\t\t<span style=\"\"><i class=\"vc_icon_element-icon \" style=\"color: #4caf50;font-size: 0px;\"><\/i><\/span>\r\n\t\t<\/div>\r\n\t\t<div class=\"services-desc\" >\r\n\t\t\t<h4 class=\"services-title\" style=\"\"><a href=\"https:\/\/www.zedosaluminios.com\/en\/gates-and-railings\/\" title=\"\" style=\"color: #ffffff;font-size: 24px;\" > Gates and Railings <\/a><\/h4>\r\n\t\t\t<p  style=\"color: #fefefe\"><\/p>\r\n\t\t<\/div>\r\n\t<\/div>\t\r\n<\/div>[\/vc_column_inner][vc_column_inner width=&#8221;1\/3&#8243;]<div class=\"rs-services-style3  services-center  vc_custom_1694349649859 heightservices\"  style=\"border-color: #dddddd\" >\r\n\t\t\t<div class=\"bg-img\" style=\"background-image: url(https:\/\/www.zedosaluminios.com\/wp-content\/uploads\/2020\/04\/Img_11-1024x768.jpg);\"><a class=\"readon\" href=\"https:\/\/www.zedosaluminios.com\/marquises-em-pvc-ou-aluminio\/\" title=\"Ver Galeria\">Read More<\/a><\/div>\r\n\t\r\n\t<div class=\"services-item\">\r\n\t\t<div class=\"services-icon\">\r\n\t\t\t<span style=\"\"><i class=\"vc_icon_element-icon typcn typcn-printer\" style=\"color: #4caf50;font-size: 0px;\"><\/i><\/span>\r\n\t\t<\/div>\r\n\t\t<div class=\"services-desc\" >\r\n\t\t\t<h4 class=\"services-title\" style=\"padding-top: 15px;\"><a href=\"https:\/\/www.zedosaluminios.com\/marquises-em-pvc-ou-aluminio\/\" title=\"Ver Galeria\" style=\"color: #ffffff;font-size: 24px;\" > Marquees <\/a><\/h4>\r\n\t\t\t<p  style=\"color: #fefefe\"><\/p>\r\n\t\t<\/div>\r\n\t<\/div>\t\r\n<\/div><div class=\"rs-services-style3  services-center  vc_custom_1694354955354 heightservices\"  >\r\n\t\t\t<div class=\"bg-img\" style=\"background-image: url(https:\/\/www.zedosaluminios.com\/wp-content\/uploads\/2023\/07\/IMG-20220531-WA0004-1024x766.jpg);\"><a class=\"readon\" href=\"https:\/\/www.zedosaluminios.com\/en\/custom-made-blinds\/\" title=\"\">Read More<\/a><\/div>\r\n\t\r\n\t<div class=\"services-item\">\r\n\t\t<div class=\"services-icon\">\r\n\t\t\t<span style=\"\"><i class=\"vc_icon_element-icon \" style=\"color: #222;font-size: 0px;\"><\/i><\/span>\r\n\t\t<\/div>\r\n\t\t<div class=\"services-desc\" >\r\n\t\t\t<h4 class=\"services-title\" style=\"padding-top: 15px;\"><a href=\"https:\/\/www.zedosaluminios.com\/en\/custom-made-blinds\/\" title=\"\" style=\"color: #ffffff;font-size: 24px;\" > Blinds <\/a><\/h4>\r\n\t\t\t<p ><\/p>\r\n\t\t<\/div>\r\n\t<\/div>\t\r\n<\/div>[\/vc_column_inner][vc_column_inner width=&#8221;1\/3&#8243;]<div class=\"rs-services-style3  services-center  vc_custom_1694354970244 heightservices\"  >\r\n\t\t\t<div class=\"bg-img\" style=\"background-image: url(https:\/\/www.zedosaluminios.com\/wp-content\/uploads\/2021\/12\/WhatsApp-Image-2021-12-15-at-21.16.34-872x1024.jpeg);\"><a class=\"readon\" href=\"https:\/\/www.zedosaluminios.com\/en\/doors-in-pvc-or-aluminum\/\" title=\"Galeria\">Read More<\/a><\/div>\r\n\t\r\n\t<div class=\"services-item\">\r\n\t\t<div class=\"services-icon\">\r\n\t\t\t<span style=\"\"><i class=\"vc_icon_element-icon \" style=\"color: #222;font-size: 0px;\"><\/i><\/span>\r\n\t\t<\/div>\r\n\t\t<div class=\"services-desc\" >\r\n\t\t\t<h4 class=\"services-title\" style=\"padding-top: 15px;\"><a href=\"https:\/\/www.zedosaluminios.com\/en\/doors-in-pvc-or-aluminum\/\" title=\"Galeria\" style=\"color: #ffffff;font-size: 24px;\" > Doors <\/a><\/h4>\r\n\t\t\t<p  style=\"color: #ffffff\"><\/p>\r\n\t\t<\/div>\r\n\t<\/div>\t\r\n<\/div><div class=\"rs-services-style3  services-center  vc_custom_1694354995918 heightservices\"  style=\"border-color: #dddddd\" >\r\n\t\t\t<div class=\"bg-img\" style=\"background-image: url(https:\/\/www.zedosaluminios.com\/wp-content\/uploads\/2023\/09\/redemosqueteira-2-1024x683.jpg);\"><a class=\"readon\" href=\"https:\/\/www.zedosaluminios.com\/en\/mosquito-nets\/\" title=\"\">Read More<\/a><\/div>\r\n\t\r\n\t<div class=\"services-item\">\r\n\t\t<div class=\"services-icon\">\r\n\t\t\t<span style=\"\"><i class=\"vc_icon_element-icon typcn typcn-arrow-move-outline\" style=\"color: #4caf50;font-size: 0px;\"><\/i><\/span>\r\n\t\t<\/div>\r\n\t\t<div class=\"services-desc\" >\r\n\t\t\t<h4 class=\"services-title\" style=\"padding-top: 15px;\"><a href=\"https:\/\/www.zedosaluminios.com\/en\/mosquito-nets\/\" title=\"\" style=\"color: #ffffff;font-size: 24px;\" > Mosquito Nets <\/a><\/h4>\r\n\t\t\t<p  style=\"color: #fefefe\"><\/p>\r\n\t\t<\/div>\r\n\t<\/div>\t\r\n<\/div>[\/vc_column_inner][\/vc_row_inner][\/vc_column][\/vc_row][vc_row full_width=&#8221;stretch_row_content_no_spaces&#8221; el_class=&#8221;google-map&#8221; css=&#8221;.vc_custom_1543392580935{padding-top: 0px !important;padding-right: 0px !important;padding-bottom: 0px !important;padding-left: 0px !important;}&#8221; el_id=&#8221;google-map&#8221;][vc_column css=&#8221;.vc_custom_1543910139263{margin-top: 0px !important;padding-top: 0px !important;}&#8221;][vc_gmaps link=&#8221;#E-8_JTNDaWZyYW1lJTIwc3JjJTNEJTIyaHR0cHMlM0ElMkYlMkZ3d3cuZ29vZ2xlLmNvbSUyRm1hcHMlMkZlbWJlZCUzRnBiJTNEJTIxMW0xOCUyMTFtMTIlMjExbTMlMjExZDE4OTEuOTg1MDk5ODk5NTE2NiUyMTJkLTguNjgwODM0NTA1NzE2ODYlMjEzZDM3LjEwNjg1NTcxNDQ3ODM5JTIxMm0zJTIxMWYwJTIxMmYwJTIxM2YwJTIxM20yJTIxMWkxMDI0JTIxMmk3NjglMjE0ZjEzLjElMjEzbTMlMjExbTIlMjExczB4ZDFiMzFjYWNhNWQyMjgzJTI1M0EweDEyOWNlOGE5Yzc4YzAzMGUlMjEyeldzT3BJR1J2Y3lCQmJIVnR3NjF1YVc5ekxDQk1ZV2R2Y3clMjE1ZTAlMjEzbTIlMjExc3B0LVBUJTIxMnNwdCUyMTR2MTU4ODE2NDYwNTUxNyUyMTVtMiUyMTFzcHQtUFQlMjEyc3B0JTIyJTIwd2lkdGglM0QlMjI2MDAlMjIlMjBoZWlnaHQlM0QlMjI1MDAlMjIlMjBzdHlsZSUzRCUyMmJvcmRlciUzQTAlMjIlMjBhbGxvd2Z1bGxzY3JlZW4lM0UlM0MlMkZpZnJhbWUlM0U=&#8221; css=&#8221;.vc_custom_1588164685009{margin-top: 0px !important;padding-top: 0px !important;}&#8221;][\/vc_column][\/vc_row]<\/p>\n","protected":false},"excerpt":{"rendered":"<p>[vc_row full_width=&#8221;stretch_row&#8221; css=&#8221;.vc_custom_1692026513926{background: #f7f7f7 url(https:\/\/www.zedosaluminios.com\/wp-content\/uploads\/2023\/08\/cement-texture-1.jpg?id=4502) !important;background-position: center !important;background-repeat: no-repeat !important;background-size: cover !important;}&#8221;][vc_column][vc_row_inner][vc_column_inner width=&#8221;1\/2&#8243;][\/vc_column_inner][vc_column_inner width=&#8221;1\/2&#8243;][vc_single_image image=&#8221;4328&#8243; img_size=&#8221;full&#8221;][\/vc_column_inner][\/vc_row_inner][vc_row_inner][vc_column_inner width=&#8221;1\/2&#8243;][vc_single_image image=&#8221;3785&#8243; img_size=&#8221;full&#8221;][\/vc_column_inner][vc_column_inner width=&#8221;1\/2&#8243;][\/vc_column_inner][\/vc_row_inner][\/vc_column][\/vc_row][vc_row full_width=&#8221;stretch_row&#8221; css=&#8221;.vc_custom_1692025227842{background-color:&#8230;<\/p>\n","protected":false},"author":1,"featured_media":0,"parent":0,"menu_order":0,"comment_status":"closed","ping_status":"closed","template":"","meta":{"footnotes":""},"class_list":["post-4611","page","type-page","status-publish","hentry"],"acf":[],"yoast_head":"<!-- This site is optimized with the Yoast SEO Premium plugin v20.13 (Yoast SEO v24.1) - https:\/\/yoast.com\/wordpress\/plugins\/seo\/ -->\n<title>Home - Z\u00e9 dos Aluminios - Servi\u00e7os em Alum\u00ednios e PVCs<\/title>\n<meta name=\"robots\" content=\"index, follow, max-snippet:-1, max-image-preview:large, max-video-preview:-1\" \/>\n<link rel=\"canonical\" href=\"https:\/\/www.zedosaluminios.com\/en\/\" \/>\n<meta property=\"og:locale\" content=\"en_US\" \/>\n<meta property=\"og:type\" content=\"article\" \/>\n<meta property=\"og:title\" content=\"Home\" \/>\n<meta property=\"og:description\" content=\"[vc_row full_width=&#8221;stretch_row&#8221; css=&#8221;.vc_custom_1692026513926{background: #f7f7f7 url(https:\/\/www.zedosaluminios.com\/wp-content\/uploads\/2023\/08\/cement-texture-1.jpg?id=4502) !important;background-position: center !important;background-repeat: no-repeat !important;background-size: cover !important;}&#8221;][vc_column][vc_row_inner][vc_column_inner width=&#8221;1\/2&#8243;][\/vc_column_inner][vc_column_inner width=&#8221;1\/2&#8243;][vc_single_image image=&#8221;4328&#8243; img_size=&#8221;full&#8221;][\/vc_column_inner][\/vc_row_inner][vc_row_inner][vc_column_inner width=&#8221;1\/2&#8243;][vc_single_image image=&#8221;3785&#8243; img_size=&#8221;full&#8221;][\/vc_column_inner][vc_column_inner width=&#8221;1\/2&#8243;][\/vc_column_inner][\/vc_row_inner][\/vc_column][\/vc_row][vc_row full_width=&#8221;stretch_row&#8221; css=&#8221;.vc_custom_1692025227842{background-color:...\" \/>\n<meta property=\"og:url\" content=\"https:\/\/www.zedosaluminios.com\/en\/\" \/>\n<meta property=\"og:site_name\" content=\"Z\u00e9 dos Aluminios - Servi\u00e7os em Alum\u00ednios e PVCs\" \/>\n<meta property=\"article:modified_time\" content=\"2023-09-10T14:10:14+00:00\" \/>\n<meta name=\"twitter:card\" content=\"summary_large_image\" \/>\n<meta name=\"twitter:label1\" content=\"Est. reading time\" \/>\n\t<meta name=\"twitter:data1\" content=\"6 minutes\" \/>\n<script type=\"application\/ld+json\" class=\"yoast-schema-graph\">{\"@context\":\"https:\/\/schema.org\",\"@graph\":[{\"@type\":\"WebPage\",\"@id\":\"https:\/\/www.zedosaluminios.com\/en\/\",\"url\":\"https:\/\/www.zedosaluminios.com\/en\/\",\"name\":\"Home - Z\u00e9 dos Aluminios - Servi\u00e7os em Alum\u00ednios e PVCs\",\"isPartOf\":{\"@id\":\"https:\/\/www.zedosaluminios.com\/#website\"},\"datePublished\":\"2018-11-14T10:30:51+00:00\",\"dateModified\":\"2023-09-10T14:10:14+00:00\",\"breadcrumb\":{\"@id\":\"https:\/\/www.zedosaluminios.com\/en\/#breadcrumb\"},\"inLanguage\":\"en-US\",\"potentialAction\":[{\"@type\":\"ReadAction\",\"target\":[\"https:\/\/www.zedosaluminios.com\/en\/\"]}]},{\"@type\":\"BreadcrumbList\",\"@id\":\"https:\/\/www.zedosaluminios.com\/en\/#breadcrumb\",\"itemListElement\":[{\"@type\":\"ListItem\",\"position\":1,\"name\":\"Home\",\"item\":\"https:\/\/www.zedosaluminios.com\/en\/\"},{\"@type\":\"ListItem\",\"position\":2,\"name\":\"Home\"}]},{\"@type\":\"WebSite\",\"@id\":\"https:\/\/www.zedosaluminios.com\/#website\",\"url\":\"https:\/\/www.zedosaluminios.com\/\",\"name\":\"Z\u00e9 dos Aluminios - Servi\u00e7os em Alum\u00ednios e PVCs\",\"description\":\"Z\u00e9 dos Aluminios - Servi\u00e7os em Alum\u00ednios e PVCs\",\"potentialAction\":[{\"@type\":\"SearchAction\",\"target\":{\"@type\":\"EntryPoint\",\"urlTemplate\":\"https:\/\/www.zedosaluminios.com\/?s={search_term_string}\"},\"query-input\":{\"@type\":\"PropertyValueSpecification\",\"valueRequired\":true,\"valueName\":\"search_term_string\"}}],\"inLanguage\":\"en-US\"}]}<\/script>\n<!-- \/ Yoast SEO Premium plugin. -->","yoast_head_json":{"title":"Home - Z\u00e9 dos Aluminios - Servi\u00e7os em Alum\u00ednios e PVCs","robots":{"index":"index","follow":"follow","max-snippet":"max-snippet:-1","max-image-preview":"max-image-preview:large","max-video-preview":"max-video-preview:-1"},"canonical":"https:\/\/www.zedosaluminios.com\/en\/","og_locale":"en_US","og_type":"article","og_title":"Home","og_description":"[vc_row full_width=&#8221;stretch_row&#8221; css=&#8221;.vc_custom_1692026513926{background: #f7f7f7 url(https:\/\/www.zedosaluminios.com\/wp-content\/uploads\/2023\/08\/cement-texture-1.jpg?id=4502) !important;background-position: center !important;background-repeat: no-repeat !important;background-size: cover !important;}&#8221;][vc_column][vc_row_inner][vc_column_inner width=&#8221;1\/2&#8243;][\/vc_column_inner][vc_column_inner width=&#8221;1\/2&#8243;][vc_single_image image=&#8221;4328&#8243; img_size=&#8221;full&#8221;][\/vc_column_inner][\/vc_row_inner][vc_row_inner][vc_column_inner width=&#8221;1\/2&#8243;][vc_single_image image=&#8221;3785&#8243; img_size=&#8221;full&#8221;][\/vc_column_inner][vc_column_inner width=&#8221;1\/2&#8243;][\/vc_column_inner][\/vc_row_inner][\/vc_column][\/vc_row][vc_row full_width=&#8221;stretch_row&#8221; css=&#8221;.vc_custom_1692025227842{background-color:...","og_url":"https:\/\/www.zedosaluminios.com\/en\/","og_site_name":"Z\u00e9 dos Aluminios - Servi\u00e7os em Alum\u00ednios e PVCs","article_modified_time":"2023-09-10T14:10:14+00:00","twitter_card":"summary_large_image","twitter_misc":{"Est. reading time":"6 minutes"},"schema":{"@context":"https:\/\/schema.org","@graph":[{"@type":"WebPage","@id":"https:\/\/www.zedosaluminios.com\/en\/","url":"https:\/\/www.zedosaluminios.com\/en\/","name":"Home - Z\u00e9 dos Aluminios - Servi\u00e7os em Alum\u00ednios e PVCs","isPartOf":{"@id":"https:\/\/www.zedosaluminios.com\/#website"},"datePublished":"2018-11-14T10:30:51+00:00","dateModified":"2023-09-10T14:10:14+00:00","breadcrumb":{"@id":"https:\/\/www.zedosaluminios.com\/en\/#breadcrumb"},"inLanguage":"en-US","potentialAction":[{"@type":"ReadAction","target":["https:\/\/www.zedosaluminios.com\/en\/"]}]},{"@type":"BreadcrumbList","@id":"https:\/\/www.zedosaluminios.com\/en\/#breadcrumb","itemListElement":[{"@type":"ListItem","position":1,"name":"Home","item":"https:\/\/www.zedosaluminios.com\/en\/"},{"@type":"ListItem","position":2,"name":"Home"}]},{"@type":"WebSite","@id":"https:\/\/www.zedosaluminios.com\/#website","url":"https:\/\/www.zedosaluminios.com\/","name":"Z\u00e9 dos Aluminios - Servi\u00e7os em Alum\u00ednios e PVCs","description":"Z\u00e9 dos Aluminios - Servi\u00e7os em Alum\u00ednios e PVCs","potentialAction":[{"@type":"SearchAction","target":{"@type":"EntryPoint","urlTemplate":"https:\/\/www.zedosaluminios.com\/?s={search_term_string}"},"query-input":{"@type":"PropertyValueSpecification","valueRequired":true,"valueName":"search_term_string"}}],"inLanguage":"en-US"}]}},"_links":{"self":[{"href":"https:\/\/www.zedosaluminios.com\/en\/wp-json\/wp\/v2\/pages\/4611","targetHints":{"allow":["GET"]}}],"collection":[{"href":"https:\/\/www.zedosaluminios.com\/en\/wp-json\/wp\/v2\/pages"}],"about":[{"href":"https:\/\/www.zedosaluminios.com\/en\/wp-json\/wp\/v2\/types\/page"}],"author":[{"embeddable":true,"href":"https:\/\/www.zedosaluminios.com\/en\/wp-json\/wp\/v2\/users\/1"}],"replies":[{"embeddable":true,"href":"https:\/\/www.zedosaluminios.com\/en\/wp-json\/wp\/v2\/comments?post=4611"}],"version-history":[{"count":3,"href":"https:\/\/www.zedosaluminios.com\/en\/wp-json\/wp\/v2\/pages\/4611\/revisions"}],"predecessor-version":[{"id":4675,"href":"https:\/\/www.zedosaluminios.com\/en\/wp-json\/wp\/v2\/pages\/4611\/revisions\/4675"}],"wp:attachment":[{"href":"https:\/\/www.zedosaluminios.com\/en\/wp-json\/wp\/v2\/media?parent=4611"}],"curies":[{"name":"wp","href":"https:\/\/api.w.org\/{rel}","templated":true}]}}