{"id":4613,"date":"2023-09-03T14:55:25","date_gmt":"2023-09-03T14:55:25","guid":{"rendered":"https:\/\/www.zedosaluminios.com\/estores\/"},"modified":"2023-09-10T14:05:18","modified_gmt":"2023-09-10T14:05:18","slug":"custom-made-blinds","status":"publish","type":"page","link":"https:\/\/www.zedosaluminios.com\/en\/custom-made-blinds\/","title":{"rendered":"Custom-Made Blinds"},"content":{"rendered":"<p>[vc_row css=&#8221;.vc_custom_1617289076648{padding-top: 90px !important;padding-bottom: 36px !important;}&#8221;][vc_column]\r\n        <div class=\"rs-heading    \">\r\n        \t<div class=\"title-inner\">\r\n\t            \r\n\t            <h2 class=\"title\">Custom-Made Blinds<\/h2>\r\n\t            \r\n\t        <\/div><div class=\"description\"><p >We produce custom-made blinds, covering a wide range of measurements, styles, and operating systems. From traditional roll-up blinds to high-tech motorized blinds, we offer options that perfectly suit your space and needs. Additionally, our selection of carefully chosen materials provides thermal insulation, soundproofing, and light control, ensuring that each project is a perfect synthesis of style and functionality.<\/p>\n<p>We combine our expertise with the best available materials to ensure that our blinds are durable and tailored to your preferences. We are committed to providing solutions that not only enhance the comfort of your home but also add a touch of elegance to your space. Let us create blinds that meet your individual needs, making your home experience even more enjoyable and functional.<\/p><\/div><\/div>[\/vc_column][\/vc_row][vc_row][vc_column][vc_column_text]<div class=\"eg-masonary-wrap eg-wrap eg-column-4 eg-masonary-layout-1 eg-component-title-caption\"\r\n     data-desktop-column=\"4\"\r\n     data-tablet-column=\"3\"\r\n     data-mobile-column=\"2\"\r\n     data-lightbox-type=\"pretty_photo\"\r\n              data-pretty_photo-theme =\"pp_default\"\r\n         data-pretty_photo-social =\"false\"\r\n          data-gallery-id=\"J7XGqBcF2m\"\r\n     data-lightbox-status=\"true\"\r\n          >\r\n        \r\n\r\n    <div class=\"eg-masonary-items-wrap\" data-masonary-id=\"J7XGqBcF2m\">\r\n        <div class=\"eg-each-item eg-overlay-layout-1 \" data-eg-item-key=\"eg_item_35yg49zSaFlGHiQ\">\r\n    \r\n\r\n            <div class=\"eg-masonary-padding\">\r\n            <div class=\"eg-overlay-wrapper\" onclick=\"\">\r\n\r\n                <a href=\"https:\/\/www.zedosaluminios.com\/wp-content\/uploads\/2023\/07\/IMG_20220721_151824-scaled.jpg\"\r\n                   data-lightbox-type=\"pretty_photo\"\r\n                   rel=\"prettyPhoto[gallery_6]\"\r\n                   title=\"\"\r\n                   data-item-type=\"image\"\r\n                   data-index=\"1\"\r\n                   data-total-items=\"7\"\r\n                   >\r\n                    <img decoding=\"async\" src=\"https:\/\/www.zedosaluminios.com\/wp-content\/uploads\/2023\/07\/IMG_20220721_151824-768x363.jpg\" alt=\"IMG_20220721_151824\"\/>\r\n                <\/a>\r\n                <div class=\"eg-mask\">\r\n                    <div class=\"eg-inner-wrapper\">\r\n                        <div class=\"eg-content-holder\">\r\n            <span class=\"eg-title eg-main-title\">IMG_20220721_151824<\/span>\r\n                <div class=\"eg-caption\">\r\n                            <span class=\"eg-title\" style=\"display:none\">IMG_20220721_151824<\/span>\r\n                        \r\n                <p><\/p>\r\n                    <\/div>\r\n        <\/div>                    <\/div>\r\n                    <span class=\"add\" style=\"display: none\">\r\n                        <i class=\"fa fa-plus\"><\/i>\r\n                    <\/span>\r\n                                            <div class=\"eg-caption-holder\" style=\"display: none\">\r\n                                                            <span class=\"eg-title\">IMG_20220721_151824<\/span>\r\n                                                                                        <p><\/p>\r\n                                                    <\/div>\r\n                                    <\/div>\r\n                <div class=\"slider-overlay\"><\/div>\r\n                            <\/div>\r\n                            <div class=\"eg-slider-caption eg-filmstrip-caption\">\r\n                                            <span class=\"eg-title\" style=\"display:none\">IMG_20220721_151824<\/span>\r\n                                                <p><\/p>\r\n                                    <\/div>\r\n                    <\/div>\r\n        <!---Blog Layout -->\r\n<\/div>\r\n                <div class=\"eg-each-item eg-overlay-layout-1 \" data-eg-item-key=\"eg_item_yUNBthwSy6KeKK4\">\r\n    \r\n\r\n            <div class=\"eg-masonary-padding\">\r\n            <div class=\"eg-overlay-wrapper\" onclick=\"\">\r\n\r\n                <a href=\"https:\/\/www.zedosaluminios.com\/wp-content\/uploads\/2023\/09\/estores-4.jpg\"\r\n                   data-lightbox-type=\"pretty_photo\"\r\n                   rel=\"prettyPhoto[gallery_6]\"\r\n                   title=\"\"\r\n                   data-item-type=\"image\"\r\n                   data-index=\"2\"\r\n                   data-total-items=\"7\"\r\n                   >\r\n                    <img decoding=\"async\" src=\"https:\/\/www.zedosaluminios.com\/wp-content\/uploads\/2023\/09\/estores-4-768x512.jpg\" alt=\"Estores (4)\"\/>\r\n                <\/a>\r\n                <div class=\"eg-mask\">\r\n                    <div class=\"eg-inner-wrapper\">\r\n                        <div class=\"eg-content-holder\">\r\n            <span class=\"eg-title eg-main-title\">Estores (4)<\/span>\r\n                <div class=\"eg-caption\">\r\n                            <span class=\"eg-title\" style=\"display:none\">Estores (4)<\/span>\r\n                        \r\n                <p><\/p>\r\n                    <\/div>\r\n        <\/div>                    <\/div>\r\n                    <span class=\"add\" style=\"display: none\">\r\n                        <i class=\"fa fa-plus\"><\/i>\r\n                    <\/span>\r\n                                            <div class=\"eg-caption-holder\" style=\"display: none\">\r\n                                                            <span class=\"eg-title\">Estores (4)<\/span>\r\n                                                                                        <p><\/p>\r\n                                                    <\/div>\r\n                                    <\/div>\r\n                <div class=\"slider-overlay\"><\/div>\r\n                            <\/div>\r\n                            <div class=\"eg-slider-caption eg-filmstrip-caption\">\r\n                                            <span class=\"eg-title\" style=\"display:none\">Estores (4)<\/span>\r\n                                                <p><\/p>\r\n                                    <\/div>\r\n                    <\/div>\r\n        <!---Blog Layout -->\r\n<\/div>\r\n                <div class=\"eg-each-item eg-overlay-layout-1 \" data-eg-item-key=\"eg_item_bzzOG9jtIck247k\">\r\n    \r\n\r\n            <div class=\"eg-masonary-padding\">\r\n            <div class=\"eg-overlay-wrapper\" onclick=\"\">\r\n\r\n                <a href=\"https:\/\/www.zedosaluminios.com\/wp-content\/uploads\/2023\/09\/estores-2.jpg\"\r\n                   data-lightbox-type=\"pretty_photo\"\r\n                   rel=\"prettyPhoto[gallery_6]\"\r\n                   title=\"\"\r\n                   data-item-type=\"image\"\r\n                   data-index=\"3\"\r\n                   data-total-items=\"7\"\r\n                   >\r\n                    <img decoding=\"async\" src=\"https:\/\/www.zedosaluminios.com\/wp-content\/uploads\/2023\/09\/estores-2-768x493.jpg\" alt=\"Estores-2\"\/>\r\n                <\/a>\r\n                <div class=\"eg-mask\">\r\n                    <div class=\"eg-inner-wrapper\">\r\n                        <div class=\"eg-content-holder\">\r\n            <span class=\"eg-title eg-main-title\">Estores-2<\/span>\r\n                <div class=\"eg-caption\">\r\n                            <span class=\"eg-title\" style=\"display:none\">Estores-2<\/span>\r\n                        \r\n                <p><\/p>\r\n                    <\/div>\r\n        <\/div>                    <\/div>\r\n                    <span class=\"add\" style=\"display: none\">\r\n                        <i class=\"fa fa-plus\"><\/i>\r\n                    <\/span>\r\n                                            <div class=\"eg-caption-holder\" style=\"display: none\">\r\n                                                            <span class=\"eg-title\">Estores-2<\/span>\r\n                                                                                        <p><\/p>\r\n                                                    <\/div>\r\n                                    <\/div>\r\n                <div class=\"slider-overlay\"><\/div>\r\n                            <\/div>\r\n                            <div class=\"eg-slider-caption eg-filmstrip-caption\">\r\n                                            <span class=\"eg-title\" style=\"display:none\">Estores-2<\/span>\r\n                                                <p><\/p>\r\n                                    <\/div>\r\n                    <\/div>\r\n        <!---Blog Layout -->\r\n<\/div>\r\n                <div class=\"eg-each-item eg-overlay-layout-1 \" data-eg-item-key=\"eg_item_qqo9il9thcvxGKJ\">\r\n    \r\n\r\n            <div class=\"eg-masonary-padding\">\r\n            <div class=\"eg-overlay-wrapper\" onclick=\"\">\r\n\r\n                <a href=\"https:\/\/www.zedosaluminios.com\/wp-content\/uploads\/2023\/09\/estores.jpg\"\r\n                   data-lightbox-type=\"pretty_photo\"\r\n                   rel=\"prettyPhoto[gallery_6]\"\r\n                   title=\"\"\r\n                   data-item-type=\"image\"\r\n                   data-index=\"4\"\r\n                   data-total-items=\"7\"\r\n                   >\r\n                    <img decoding=\"async\" src=\"https:\/\/www.zedosaluminios.com\/wp-content\/uploads\/2023\/09\/estores-768x511.jpg\" alt=\"Estores\"\/>\r\n                <\/a>\r\n                <div class=\"eg-mask\">\r\n                    <div class=\"eg-inner-wrapper\">\r\n                        <div class=\"eg-content-holder\">\r\n            <span class=\"eg-title eg-main-title\">Estores<\/span>\r\n                <div class=\"eg-caption\">\r\n                            <span class=\"eg-title\" style=\"display:none\">Estores<\/span>\r\n                        \r\n                <p><\/p>\r\n                    <\/div>\r\n        <\/div>                    <\/div>\r\n                    <span class=\"add\" style=\"display: none\">\r\n                        <i class=\"fa fa-plus\"><\/i>\r\n                    <\/span>\r\n                                            <div class=\"eg-caption-holder\" style=\"display: none\">\r\n                                                            <span class=\"eg-title\">Estores<\/span>\r\n                                                                                        <p><\/p>\r\n                                                    <\/div>\r\n                                    <\/div>\r\n                <div class=\"slider-overlay\"><\/div>\r\n                            <\/div>\r\n                            <div class=\"eg-slider-caption eg-filmstrip-caption\">\r\n                                            <span class=\"eg-title\" style=\"display:none\">Estores<\/span>\r\n                                                <p><\/p>\r\n                                    <\/div>\r\n                    <\/div>\r\n        <!---Blog Layout -->\r\n<\/div>\r\n                <div class=\"eg-each-item eg-overlay-layout-1 \" data-eg-item-key=\"eg_item_icVc76bevFu5r3W\">\r\n    \r\n\r\n            <div class=\"eg-masonary-padding\">\r\n            <div class=\"eg-overlay-wrapper\" onclick=\"\">\r\n\r\n                <a href=\"https:\/\/www.zedosaluminios.com\/wp-content\/uploads\/2023\/07\/IMG_20230120_174015-scaled.jpg\"\r\n                   data-lightbox-type=\"pretty_photo\"\r\n                   rel=\"prettyPhoto[gallery_6]\"\r\n                   title=\"\"\r\n                   data-item-type=\"image\"\r\n                   data-index=\"5\"\r\n                   data-total-items=\"7\"\r\n                   >\r\n                    <img decoding=\"async\" src=\"https:\/\/www.zedosaluminios.com\/wp-content\/uploads\/2023\/07\/IMG_20230120_174015-768x1626.jpg\" alt=\"IMG_20230120_174015\"\/>\r\n                <\/a>\r\n                <div class=\"eg-mask\">\r\n                    <div class=\"eg-inner-wrapper\">\r\n                        <div class=\"eg-content-holder\">\r\n            <span class=\"eg-title eg-main-title\">IMG_20230120_174015<\/span>\r\n                <div class=\"eg-caption\">\r\n                            <span class=\"eg-title\" style=\"display:none\">IMG_20230120_174015<\/span>\r\n                        \r\n                <p><\/p>\r\n                    <\/div>\r\n        <\/div>                    <\/div>\r\n                    <span class=\"add\" style=\"display: none\">\r\n                        <i class=\"fa fa-plus\"><\/i>\r\n                    <\/span>\r\n                                            <div class=\"eg-caption-holder\" style=\"display: none\">\r\n                                                            <span class=\"eg-title\">IMG_20230120_174015<\/span>\r\n                                                                                        <p><\/p>\r\n                                                    <\/div>\r\n                                    <\/div>\r\n                <div class=\"slider-overlay\"><\/div>\r\n                            <\/div>\r\n                            <div class=\"eg-slider-caption eg-filmstrip-caption\">\r\n                                            <span class=\"eg-title\" style=\"display:none\">IMG_20230120_174015<\/span>\r\n                                                <p><\/p>\r\n                                    <\/div>\r\n                    <\/div>\r\n        <!---Blog Layout -->\r\n<\/div>\r\n                <div class=\"eg-each-item eg-overlay-layout-1 \" data-eg-item-key=\"eg_item_VT1So6QtkoayyRR\">\r\n    \r\n\r\n            <div class=\"eg-masonary-padding\">\r\n            <div class=\"eg-overlay-wrapper\" onclick=\"\">\r\n\r\n                <a href=\"https:\/\/www.zedosaluminios.com\/wp-content\/uploads\/2023\/07\/IMG-20220531-WA0004.jpg\"\r\n                   data-lightbox-type=\"pretty_photo\"\r\n                   rel=\"prettyPhoto[gallery_6]\"\r\n                   title=\"\"\r\n                   data-item-type=\"image\"\r\n                   data-index=\"6\"\r\n                   data-total-items=\"7\"\r\n                   >\r\n                    <img decoding=\"async\" src=\"https:\/\/www.zedosaluminios.com\/wp-content\/uploads\/2023\/07\/IMG-20220531-WA0004-768x575.jpg\" alt=\"IMG-20220531-WA0004\"\/>\r\n                <\/a>\r\n                <div class=\"eg-mask\">\r\n                    <div class=\"eg-inner-wrapper\">\r\n                        <div class=\"eg-content-holder\">\r\n            <span class=\"eg-title eg-main-title\">IMG-20220531-WA0004<\/span>\r\n                <div class=\"eg-caption\">\r\n                            <span class=\"eg-title\" style=\"display:none\">IMG-20220531-WA0004<\/span>\r\n                        \r\n                <p><\/p>\r\n                    <\/div>\r\n        <\/div>                    <\/div>\r\n                    <span class=\"add\" style=\"display: none\">\r\n                        <i class=\"fa fa-plus\"><\/i>\r\n                    <\/span>\r\n                                            <div class=\"eg-caption-holder\" style=\"display: none\">\r\n                                                            <span class=\"eg-title\">IMG-20220531-WA0004<\/span>\r\n                                                                                        <p><\/p>\r\n                                                    <\/div>\r\n                                    <\/div>\r\n                <div class=\"slider-overlay\"><\/div>\r\n                            <\/div>\r\n                            <div class=\"eg-slider-caption eg-filmstrip-caption\">\r\n                                            <span class=\"eg-title\" style=\"display:none\">IMG-20220531-WA0004<\/span>\r\n                                                <p><\/p>\r\n                                    <\/div>\r\n                    <\/div>\r\n        <!---Blog Layout -->\r\n<\/div>\r\n                <div class=\"eg-each-item eg-overlay-layout-1 \" data-eg-item-key=\"eg_item_OXrJXSd3d5gGbu2\">\r\n    \r\n\r\n            <div class=\"eg-masonary-padding\">\r\n            <div class=\"eg-overlay-wrapper\" onclick=\"\">\r\n\r\n                <a href=\"https:\/\/www.zedosaluminios.com\/wp-content\/uploads\/2023\/09\/estores-3.jpg\"\r\n                   data-lightbox-type=\"pretty_photo\"\r\n                   rel=\"prettyPhoto[gallery_6]\"\r\n                   title=\"Vintage window with orange tone wall\"\r\n                   data-item-type=\"image\"\r\n                   data-index=\"7\"\r\n                   data-total-items=\"7\"\r\n                   >\r\n                    <img decoding=\"async\" src=\"https:\/\/www.zedosaluminios.com\/wp-content\/uploads\/2023\/09\/estores-3-768x512.jpg\" alt=\"Vintage window with orange tone wall\"\/>\r\n                <\/a>\r\n                <div class=\"eg-mask\">\r\n                    <div class=\"eg-inner-wrapper\">\r\n                        <div class=\"eg-content-holder\">\r\n            <span class=\"eg-title eg-main-title\">Vintage window with orange tone wall<\/span>\r\n                <div class=\"eg-caption\">\r\n                            <span class=\"eg-title\" style=\"display:none\">Vintage window with orange tone wall<\/span>\r\n                        \r\n                <p>Vintage window with orange tone wall<\/p>\r\n                    <\/div>\r\n        <\/div>                    <\/div>\r\n                    <span class=\"add\" style=\"display: none\">\r\n                        <i class=\"fa fa-plus\"><\/i>\r\n                    <\/span>\r\n                                            <div class=\"eg-caption-holder\" style=\"display: none\">\r\n                                                            <span class=\"eg-title\">Vintage window with orange tone wall<\/span>\r\n                                                                                        <p>Vintage window with orange tone wall<\/p>\r\n                                                    <\/div>\r\n                                    <\/div>\r\n                <div class=\"slider-overlay\"><\/div>\r\n                            <\/div>\r\n                            <div class=\"eg-slider-caption eg-filmstrip-caption\">\r\n                                            <span class=\"eg-title\" style=\"display:none\">Vintage window with orange tone wall<\/span>\r\n                                                <p>Vintage window with orange tone wall<\/p>\r\n                                    <\/div>\r\n                    <\/div>\r\n        <!---Blog Layout -->\r\n<\/div>\r\n                        <\/div>\r\n        \r\n<\/div>\r\n\r\n\r\n            <style>\r\n            <\/style>\r\n            [\/vc_column_text][\/vc_column][\/vc_row]<\/p>\n","protected":false},"excerpt":{"rendered":"<p>[vc_row css=&#8221;.vc_custom_1617289076648{padding-top: 90px !important;padding-bottom: 36px !important;}&#8221;][vc_column][\/vc_column][\/vc_row][vc_row][vc_column][vc_column_text][\/vc_column_text][\/vc_column]&#8230;<\/p>\n","protected":false},"author":1,"featured_media":0,"parent":0,"menu_order":0,"comment_status":"closed","ping_status":"closed","template":"","meta":{"footnotes":""},"class_list":["post-4613","page","type-page","status-publish","hentry"],"acf":[],"yoast_head":"<!-- This site is optimized with the Yoast SEO Premium plugin v20.13 (Yoast SEO v24.1) - https:\/\/yoast.com\/wordpress\/plugins\/seo\/ -->\n<title>Custom-Made Blinds - Z\u00e9 dos Aluminios - Servi\u00e7os em Alum\u00ednios e PVCs<\/title>\n<meta name=\"robots\" content=\"index, follow, max-snippet:-1, max-image-preview:large, max-video-preview:-1\" \/>\n<link rel=\"canonical\" href=\"https:\/\/www.zedosaluminios.com\/en\/custom-made-blinds\/\" \/>\n<meta property=\"og:locale\" content=\"en_US\" \/>\n<meta property=\"og:type\" content=\"article\" \/>\n<meta property=\"og:title\" content=\"Custom-Made Blinds\" \/>\n<meta property=\"og:description\" content=\"[vc_row css=&#8221;.vc_custom_1617289076648{padding-top: 90px !important;padding-bottom: 36px !important;}&#8221;][vc_column][\/vc_column][\/vc_row][vc_row][vc_column][vc_column_text][\/vc_column_text][\/vc_column]...\" \/>\n<meta property=\"og:url\" content=\"https:\/\/www.zedosaluminios.com\/en\/custom-made-blinds\/\" \/>\n<meta property=\"og:site_name\" content=\"Z\u00e9 dos Aluminios - Servi\u00e7os em Alum\u00ednios e PVCs\" \/>\n<meta property=\"article:modified_time\" content=\"2023-09-10T14:05:18+00:00\" \/>\n<meta name=\"twitter:card\" content=\"summary_large_image\" \/>\n<meta name=\"twitter:label1\" content=\"Est. reading time\" \/>\n\t<meta name=\"twitter:data1\" content=\"1 minute\" \/>\n<script type=\"application\/ld+json\" class=\"yoast-schema-graph\">{\"@context\":\"https:\/\/schema.org\",\"@graph\":[{\"@type\":\"WebPage\",\"@id\":\"https:\/\/www.zedosaluminios.com\/en\/custom-made-blinds\/\",\"url\":\"https:\/\/www.zedosaluminios.com\/en\/custom-made-blinds\/\",\"name\":\"Custom-Made Blinds - Z\u00e9 dos Aluminios - Servi\u00e7os em Alum\u00ednios e PVCs\",\"isPartOf\":{\"@id\":\"https:\/\/www.zedosaluminios.com\/#website\"},\"datePublished\":\"2023-09-03T14:55:25+00:00\",\"dateModified\":\"2023-09-10T14:05:18+00:00\",\"breadcrumb\":{\"@id\":\"https:\/\/www.zedosaluminios.com\/en\/custom-made-blinds\/#breadcrumb\"},\"inLanguage\":\"en-US\",\"potentialAction\":[{\"@type\":\"ReadAction\",\"target\":[\"https:\/\/www.zedosaluminios.com\/en\/custom-made-blinds\/\"]}]},{\"@type\":\"BreadcrumbList\",\"@id\":\"https:\/\/www.zedosaluminios.com\/en\/custom-made-blinds\/#breadcrumb\",\"itemListElement\":[{\"@type\":\"ListItem\",\"position\":1,\"name\":\"Home\",\"item\":\"https:\/\/www.zedosaluminios.com\/en\/\"},{\"@type\":\"ListItem\",\"position\":2,\"name\":\"Custom-Made Blinds\"}]},{\"@type\":\"WebSite\",\"@id\":\"https:\/\/www.zedosaluminios.com\/#website\",\"url\":\"https:\/\/www.zedosaluminios.com\/\",\"name\":\"Z\u00e9 dos Aluminios - Servi\u00e7os em Alum\u00ednios e PVCs\",\"description\":\"Z\u00e9 dos Aluminios - Servi\u00e7os em Alum\u00ednios e PVCs\",\"potentialAction\":[{\"@type\":\"SearchAction\",\"target\":{\"@type\":\"EntryPoint\",\"urlTemplate\":\"https:\/\/www.zedosaluminios.com\/?s={search_term_string}\"},\"query-input\":{\"@type\":\"PropertyValueSpecification\",\"valueRequired\":true,\"valueName\":\"search_term_string\"}}],\"inLanguage\":\"en-US\"}]}<\/script>\n<!-- \/ Yoast SEO Premium plugin. -->","yoast_head_json":{"title":"Custom-Made Blinds - Z\u00e9 dos Aluminios - Servi\u00e7os em Alum\u00ednios e PVCs","robots":{"index":"index","follow":"follow","max-snippet":"max-snippet:-1","max-image-preview":"max-image-preview:large","max-video-preview":"max-video-preview:-1"},"canonical":"https:\/\/www.zedosaluminios.com\/en\/custom-made-blinds\/","og_locale":"en_US","og_type":"article","og_title":"Custom-Made Blinds","og_description":"[vc_row css=&#8221;.vc_custom_1617289076648{padding-top: 90px !important;padding-bottom: 36px !important;}&#8221;][vc_column][\/vc_column][\/vc_row][vc_row][vc_column][vc_column_text][\/vc_column_text][\/vc_column]...","og_url":"https:\/\/www.zedosaluminios.com\/en\/custom-made-blinds\/","og_site_name":"Z\u00e9 dos Aluminios - Servi\u00e7os em Alum\u00ednios e PVCs","article_modified_time":"2023-09-10T14:05:18+00:00","twitter_card":"summary_large_image","twitter_misc":{"Est. reading time":"1 minute"},"schema":{"@context":"https:\/\/schema.org","@graph":[{"@type":"WebPage","@id":"https:\/\/www.zedosaluminios.com\/en\/custom-made-blinds\/","url":"https:\/\/www.zedosaluminios.com\/en\/custom-made-blinds\/","name":"Custom-Made Blinds - Z\u00e9 dos Aluminios - Servi\u00e7os em Alum\u00ednios e PVCs","isPartOf":{"@id":"https:\/\/www.zedosaluminios.com\/#website"},"datePublished":"2023-09-03T14:55:25+00:00","dateModified":"2023-09-10T14:05:18+00:00","breadcrumb":{"@id":"https:\/\/www.zedosaluminios.com\/en\/custom-made-blinds\/#breadcrumb"},"inLanguage":"en-US","potentialAction":[{"@type":"ReadAction","target":["https:\/\/www.zedosaluminios.com\/en\/custom-made-blinds\/"]}]},{"@type":"BreadcrumbList","@id":"https:\/\/www.zedosaluminios.com\/en\/custom-made-blinds\/#breadcrumb","itemListElement":[{"@type":"ListItem","position":1,"name":"Home","item":"https:\/\/www.zedosaluminios.com\/en\/"},{"@type":"ListItem","position":2,"name":"Custom-Made Blinds"}]},{"@type":"WebSite","@id":"https:\/\/www.zedosaluminios.com\/#website","url":"https:\/\/www.zedosaluminios.com\/","name":"Z\u00e9 dos Aluminios - Servi\u00e7os em Alum\u00ednios e PVCs","description":"Z\u00e9 dos Aluminios - Servi\u00e7os em Alum\u00ednios e PVCs","potentialAction":[{"@type":"SearchAction","target":{"@type":"EntryPoint","urlTemplate":"https:\/\/www.zedosaluminios.com\/?s={search_term_string}"},"query-input":{"@type":"PropertyValueSpecification","valueRequired":true,"valueName":"search_term_string"}}],"inLanguage":"en-US"}]}},"_links":{"self":[{"href":"https:\/\/www.zedosaluminios.com\/en\/wp-json\/wp\/v2\/pages\/4613","targetHints":{"allow":["GET"]}}],"collection":[{"href":"https:\/\/www.zedosaluminios.com\/en\/wp-json\/wp\/v2\/pages"}],"about":[{"href":"https:\/\/www.zedosaluminios.com\/en\/wp-json\/wp\/v2\/types\/page"}],"author":[{"embeddable":true,"href":"https:\/\/www.zedosaluminios.com\/en\/wp-json\/wp\/v2\/users\/1"}],"replies":[{"embeddable":true,"href":"https:\/\/www.zedosaluminios.com\/en\/wp-json\/wp\/v2\/comments?post=4613"}],"version-history":[{"count":4,"href":"https:\/\/www.zedosaluminios.com\/en\/wp-json\/wp\/v2\/pages\/4613\/revisions"}],"predecessor-version":[{"id":4671,"href":"https:\/\/www.zedosaluminios.com\/en\/wp-json\/wp\/v2\/pages\/4613\/revisions\/4671"}],"wp:attachment":[{"href":"https:\/\/www.zedosaluminios.com\/en\/wp-json\/wp\/v2\/media?parent=4613"}],"curies":[{"name":"wp","href":"https:\/\/api.w.org\/{rel}","templated":true}]}}