{"id":4622,"date":"2023-09-03T20:37:00","date_gmt":"2023-09-03T20:37:00","guid":{"rendered":"https:\/\/www.zedosaluminios.com\/redes-mosqueteiras\/"},"modified":"2023-09-10T14:07:05","modified_gmt":"2023-09-10T14:07:05","slug":"mosquito-nets","status":"publish","type":"page","link":"https:\/\/www.zedosaluminios.com\/en\/mosquito-nets\/","title":{"rendered":"Mosquito Nets"},"content":{"rendered":"<p>[vc_row][vc_column]\r\n        <div class=\"rs-heading    \">\r\n        \t<div class=\"title-inner\">\r\n\t            \r\n\t            <h2 class=\"title\">Mosquito Nets<\/h2>\r\n\t            \r\n\t        <\/div><div class=\"description\"><p >We are dedicated to the meticulous creation of custom mosquito nets designed to keep your home free from unwanted insects. Our nets are carefully crafted using high-quality materials, ensuring long-term durability and effectiveness. With a wide range of installation options, from fixed nets to retractable systems, we offer customized solutions that fit perfectly into your space and needs.<\/p>\n<p>Our mosquito nets are designed to be discreet and functional, allowing for proper air circulation to keep your home cool and comfortable throughout the year. Our top priority is to ensure that your family is protected from mosquitoes and other annoying insects without compromising the aesthetics of your home.<\/p>\n<p>With our high-quality mosquito nets, enjoy peaceful nights free from bites, allowing you to make the most of your home environment. From quieter nights of sleep to uninterrupted outdoor leisure moments, our mosquito nets are a valuable investment in your family&#8217;s comfort and well-being.<\/p>\n<p>Let us take care of the details and ensure that your home is an insect-free haven, where every space is enjoyed to the fullest without inconvenient disruptions. Our dedication to quality and customization ensures that our mosquito nets meet your expectations and make your home a truly welcoming place.<\/p><\/div><\/div>[\/vc_column][\/vc_row][vc_row][vc_column][vc_column_text]<div class=\"eg-masonary-wrap eg-wrap eg-column-4 eg-masonary-layout-1 eg-component-title-caption\"\r\n     data-desktop-column=\"4\"\r\n     data-tablet-column=\"3\"\r\n     data-mobile-column=\"2\"\r\n     data-lightbox-type=\"pretty_photo\"\r\n              data-pretty_photo-theme =\"pp_default\"\r\n         data-pretty_photo-social =\"false\"\r\n          data-gallery-id=\"pXdzTh93S4\"\r\n     data-lightbox-status=\"true\"\r\n          >\r\n        \r\n\r\n    <div class=\"eg-masonary-items-wrap\" data-masonary-id=\"pXdzTh93S4\">\r\n        <div class=\"eg-each-item eg-overlay-layout-1 \" data-eg-item-key=\"eg_item_FLkmWEpJQ181ZQg\">\r\n    \r\n\r\n            <div class=\"eg-masonary-padding\">\r\n            <div class=\"eg-overlay-wrapper\" onclick=\"\">\r\n\r\n                <a href=\"https:\/\/www.zedosaluminios.com\/wp-content\/uploads\/2023\/09\/redemosqueteira-1.jpg\"\r\n                   data-lightbox-type=\"pretty_photo\"\r\n                   rel=\"prettyPhoto[gallery_8]\"\r\n                   title=\"\"\r\n                   data-item-type=\"image\"\r\n                   data-index=\"1\"\r\n                   data-total-items=\"2\"\r\n                   >\r\n                    <img decoding=\"async\" src=\"https:\/\/www.zedosaluminios.com\/wp-content\/uploads\/2023\/09\/redemosqueteira-1-768x499.jpg\" alt=\"\"\/>\r\n                <\/a>\r\n                <div class=\"eg-mask\">\r\n                    <div class=\"eg-inner-wrapper\">\r\n                        <div class=\"eg-content-holder\">\r\n            <span class=\"eg-title eg-main-title\"><\/span>\r\n                <div class=\"eg-caption\">\r\n                            <span class=\"eg-title\" style=\"display:none\"><\/span>\r\n                        \r\n                <p><\/p>\r\n                    <\/div>\r\n        <\/div>                    <\/div>\r\n                    <span class=\"add\" style=\"display: none\">\r\n                        <i class=\"fa fa-plus\"><\/i>\r\n                    <\/span>\r\n                                            <div class=\"eg-caption-holder\" style=\"display: none\">\r\n                                                            <span class=\"eg-title\"><\/span>\r\n                                                                                        <p><\/p>\r\n                                                    <\/div>\r\n                                    <\/div>\r\n                <div class=\"slider-overlay\"><\/div>\r\n                            <\/div>\r\n                            <div class=\"eg-slider-caption eg-filmstrip-caption\">\r\n                                            <span class=\"eg-title\" style=\"display:none\"><\/span>\r\n                                                <p><\/p>\r\n                                    <\/div>\r\n                    <\/div>\r\n        <!---Blog Layout -->\r\n<\/div>\r\n                <div class=\"eg-each-item eg-overlay-layout-1 \" data-eg-item-key=\"eg_item_8FaH0xsnoMceWXs\">\r\n    \r\n\r\n            <div class=\"eg-masonary-padding\">\r\n            <div class=\"eg-overlay-wrapper\" onclick=\"\">\r\n\r\n                <a href=\"https:\/\/www.zedosaluminios.com\/wp-content\/uploads\/2023\/09\/redemosqueteira-2.jpg\"\r\n                   data-lightbox-type=\"pretty_photo\"\r\n                   rel=\"prettyPhoto[gallery_8]\"\r\n                   title=\"\"\r\n                   data-item-type=\"image\"\r\n                   data-index=\"2\"\r\n                   data-total-items=\"2\"\r\n                   >\r\n                    <img decoding=\"async\" src=\"https:\/\/www.zedosaluminios.com\/wp-content\/uploads\/2023\/09\/redemosqueteira-2-768x512.jpg\" alt=\"\"\/>\r\n                <\/a>\r\n                <div class=\"eg-mask\">\r\n                    <div class=\"eg-inner-wrapper\">\r\n                        <div class=\"eg-content-holder\">\r\n            <span class=\"eg-title eg-main-title\"><\/span>\r\n                <div class=\"eg-caption\">\r\n                            <span class=\"eg-title\" style=\"display:none\"><\/span>\r\n                        \r\n                <p><\/p>\r\n                    <\/div>\r\n        <\/div>                    <\/div>\r\n                    <span class=\"add\" style=\"display: none\">\r\n                        <i class=\"fa fa-plus\"><\/i>\r\n                    <\/span>\r\n                                            <div class=\"eg-caption-holder\" style=\"display: none\">\r\n                                                            <span class=\"eg-title\"><\/span>\r\n                                                                                        <p><\/p>\r\n                                                    <\/div>\r\n                                    <\/div>\r\n                <div class=\"slider-overlay\"><\/div>\r\n                            <\/div>\r\n                            <div class=\"eg-slider-caption eg-filmstrip-caption\">\r\n                                            <span class=\"eg-title\" style=\"display:none\"><\/span>\r\n                                                <p><\/p>\r\n                                    <\/div>\r\n                    <\/div>\r\n        <!---Blog Layout -->\r\n<\/div>\r\n                        <\/div>\r\n        \r\n<\/div>\r\n\r\n\r\n            <style>\r\n            <\/style>\r\n            [\/vc_column_text][\/vc_column][\/vc_row]<\/p>\n","protected":false},"excerpt":{"rendered":"<p>[vc_row][vc_column][\/vc_column][\/vc_row][vc_row][vc_column][vc_column_text][\/vc_column_text][\/vc_column]&#8230;<\/p>\n","protected":false},"author":1,"featured_media":0,"parent":0,"menu_order":0,"comment_status":"closed","ping_status":"closed","template":"","meta":{"footnotes":""},"class_list":["post-4622","page","type-page","status-publish","hentry"],"acf":[],"yoast_head":"<!-- This site is optimized with the Yoast SEO Premium plugin v20.13 (Yoast SEO v24.1) - https:\/\/yoast.com\/wordpress\/plugins\/seo\/ -->\n<title>Mosquito Nets - Z\u00e9 dos Aluminios - Servi\u00e7os em Alum\u00ednios e PVCs<\/title>\n<meta name=\"robots\" content=\"index, follow, max-snippet:-1, max-image-preview:large, max-video-preview:-1\" \/>\n<link rel=\"canonical\" href=\"https:\/\/www.zedosaluminios.com\/en\/mosquito-nets\/\" \/>\n<meta property=\"og:locale\" content=\"en_US\" \/>\n<meta property=\"og:type\" content=\"article\" \/>\n<meta property=\"og:title\" content=\"Mosquito Nets\" \/>\n<meta property=\"og:description\" content=\"[vc_row][vc_column][\/vc_column][\/vc_row][vc_row][vc_column][vc_column_text][\/vc_column_text][\/vc_column]...\" \/>\n<meta property=\"og:url\" content=\"https:\/\/www.zedosaluminios.com\/en\/mosquito-nets\/\" \/>\n<meta property=\"og:site_name\" content=\"Z\u00e9 dos Aluminios - Servi\u00e7os em Alum\u00ednios e PVCs\" \/>\n<meta property=\"article:modified_time\" content=\"2023-09-10T14:07:05+00:00\" \/>\n<meta name=\"twitter:card\" content=\"summary_large_image\" \/>\n<meta name=\"twitter:label1\" content=\"Est. reading time\" \/>\n\t<meta name=\"twitter:data1\" content=\"1 minute\" \/>\n<script type=\"application\/ld+json\" class=\"yoast-schema-graph\">{\"@context\":\"https:\/\/schema.org\",\"@graph\":[{\"@type\":\"WebPage\",\"@id\":\"https:\/\/www.zedosaluminios.com\/en\/mosquito-nets\/\",\"url\":\"https:\/\/www.zedosaluminios.com\/en\/mosquito-nets\/\",\"name\":\"Mosquito Nets - Z\u00e9 dos Aluminios - Servi\u00e7os em Alum\u00ednios e PVCs\",\"isPartOf\":{\"@id\":\"https:\/\/www.zedosaluminios.com\/#website\"},\"datePublished\":\"2023-09-03T20:37:00+00:00\",\"dateModified\":\"2023-09-10T14:07:05+00:00\",\"breadcrumb\":{\"@id\":\"https:\/\/www.zedosaluminios.com\/en\/mosquito-nets\/#breadcrumb\"},\"inLanguage\":\"en-US\",\"potentialAction\":[{\"@type\":\"ReadAction\",\"target\":[\"https:\/\/www.zedosaluminios.com\/en\/mosquito-nets\/\"]}]},{\"@type\":\"BreadcrumbList\",\"@id\":\"https:\/\/www.zedosaluminios.com\/en\/mosquito-nets\/#breadcrumb\",\"itemListElement\":[{\"@type\":\"ListItem\",\"position\":1,\"name\":\"Home\",\"item\":\"https:\/\/www.zedosaluminios.com\/en\/\"},{\"@type\":\"ListItem\",\"position\":2,\"name\":\"Mosquito Nets\"}]},{\"@type\":\"WebSite\",\"@id\":\"https:\/\/www.zedosaluminios.com\/#website\",\"url\":\"https:\/\/www.zedosaluminios.com\/\",\"name\":\"Z\u00e9 dos Aluminios - Servi\u00e7os em Alum\u00ednios e PVCs\",\"description\":\"Z\u00e9 dos Aluminios - Servi\u00e7os em Alum\u00ednios e PVCs\",\"potentialAction\":[{\"@type\":\"SearchAction\",\"target\":{\"@type\":\"EntryPoint\",\"urlTemplate\":\"https:\/\/www.zedosaluminios.com\/?s={search_term_string}\"},\"query-input\":{\"@type\":\"PropertyValueSpecification\",\"valueRequired\":true,\"valueName\":\"search_term_string\"}}],\"inLanguage\":\"en-US\"}]}<\/script>\n<!-- \/ Yoast SEO Premium plugin. -->","yoast_head_json":{"title":"Mosquito Nets - Z\u00e9 dos Aluminios - Servi\u00e7os em Alum\u00ednios e PVCs","robots":{"index":"index","follow":"follow","max-snippet":"max-snippet:-1","max-image-preview":"max-image-preview:large","max-video-preview":"max-video-preview:-1"},"canonical":"https:\/\/www.zedosaluminios.com\/en\/mosquito-nets\/","og_locale":"en_US","og_type":"article","og_title":"Mosquito Nets","og_description":"[vc_row][vc_column][\/vc_column][\/vc_row][vc_row][vc_column][vc_column_text][\/vc_column_text][\/vc_column]...","og_url":"https:\/\/www.zedosaluminios.com\/en\/mosquito-nets\/","og_site_name":"Z\u00e9 dos Aluminios - Servi\u00e7os em Alum\u00ednios e PVCs","article_modified_time":"2023-09-10T14:07:05+00:00","twitter_card":"summary_large_image","twitter_misc":{"Est. reading time":"1 minute"},"schema":{"@context":"https:\/\/schema.org","@graph":[{"@type":"WebPage","@id":"https:\/\/www.zedosaluminios.com\/en\/mosquito-nets\/","url":"https:\/\/www.zedosaluminios.com\/en\/mosquito-nets\/","name":"Mosquito Nets - Z\u00e9 dos Aluminios - Servi\u00e7os em Alum\u00ednios e PVCs","isPartOf":{"@id":"https:\/\/www.zedosaluminios.com\/#website"},"datePublished":"2023-09-03T20:37:00+00:00","dateModified":"2023-09-10T14:07:05+00:00","breadcrumb":{"@id":"https:\/\/www.zedosaluminios.com\/en\/mosquito-nets\/#breadcrumb"},"inLanguage":"en-US","potentialAction":[{"@type":"ReadAction","target":["https:\/\/www.zedosaluminios.com\/en\/mosquito-nets\/"]}]},{"@type":"BreadcrumbList","@id":"https:\/\/www.zedosaluminios.com\/en\/mosquito-nets\/#breadcrumb","itemListElement":[{"@type":"ListItem","position":1,"name":"Home","item":"https:\/\/www.zedosaluminios.com\/en\/"},{"@type":"ListItem","position":2,"name":"Mosquito Nets"}]},{"@type":"WebSite","@id":"https:\/\/www.zedosaluminios.com\/#website","url":"https:\/\/www.zedosaluminios.com\/","name":"Z\u00e9 dos Aluminios - Servi\u00e7os em Alum\u00ednios e PVCs","description":"Z\u00e9 dos Aluminios - Servi\u00e7os em Alum\u00ednios e PVCs","potentialAction":[{"@type":"SearchAction","target":{"@type":"EntryPoint","urlTemplate":"https:\/\/www.zedosaluminios.com\/?s={search_term_string}"},"query-input":{"@type":"PropertyValueSpecification","valueRequired":true,"valueName":"search_term_string"}}],"inLanguage":"en-US"}]}},"_links":{"self":[{"href":"https:\/\/www.zedosaluminios.com\/en\/wp-json\/wp\/v2\/pages\/4622","targetHints":{"allow":["GET"]}}],"collection":[{"href":"https:\/\/www.zedosaluminios.com\/en\/wp-json\/wp\/v2\/pages"}],"about":[{"href":"https:\/\/www.zedosaluminios.com\/en\/wp-json\/wp\/v2\/types\/page"}],"author":[{"embeddable":true,"href":"https:\/\/www.zedosaluminios.com\/en\/wp-json\/wp\/v2\/users\/1"}],"replies":[{"embeddable":true,"href":"https:\/\/www.zedosaluminios.com\/en\/wp-json\/wp\/v2\/comments?post=4622"}],"version-history":[{"count":3,"href":"https:\/\/www.zedosaluminios.com\/en\/wp-json\/wp\/v2\/pages\/4622\/revisions"}],"predecessor-version":[{"id":4673,"href":"https:\/\/www.zedosaluminios.com\/en\/wp-json\/wp\/v2\/pages\/4622\/revisions\/4673"}],"wp:attachment":[{"href":"https:\/\/www.zedosaluminios.com\/en\/wp-json\/wp\/v2\/media?parent=4622"}],"curies":[{"name":"wp","href":"https:\/\/api.w.org\/{rel}","templated":true}]}}