{"id":4623,"date":"2018-11-17T04:41:46","date_gmt":"2018-11-17T04:41:46","guid":{"rendered":"https:\/\/www.zedosaluminios.com\/about-us\/"},"modified":"2023-09-10T14:12:28","modified_gmt":"2023-09-10T14:12:28","slug":"about-us","status":"publish","type":"page","link":"https:\/\/www.zedosaluminios.com\/en\/about-us\/","title":{"rendered":"About Us"},"content":{"rendered":"<p>[vc_row equal_height=&#8221;yes&#8221; content_placement=&#8221;middle&#8221; css=&#8221;.vc_custom_1590326118030{margin-top: 65px !important;margin-bottom: 30px !important;}&#8221;][vc_column width=&#8221;1\/2&#8243;][vc_single_image image=&#8221;3740&#8243; img_size=&#8221;full&#8221; css=&#8221;.vc_custom_1588688203380{margin-top: 0px !important;}&#8221;][\/vc_column][vc_column width=&#8221;1\/2&#8243;]\r\n        <div class=\"rs-heading   vc_custom_1694350712640  \">\r\n        \t<div class=\"title-inner\">\r\n\t            \r\n\t            <h2 class=\"title\" style=\"color: #323232 !important\">About Us<\/h2>\r\n\t            \r\n\t        <\/div><div class=\"description\"><p >As a famous singer once said, &#8220;(&#8230;) the dreams of a boy,&#8221; but in this case, not of becoming a singer, but rather of creating his own business and having his name spread by word of mouth for the quality of his products. This was the dream of Jos\u00e9 Oliveira, later known as Z\u00e9 dos Alum\u00ednios, a name that fit so well that it would give rise to the name of his company.<\/p>\n<p>Mr. Z\u00e9, who began his journey in his hometown of Tarouca, moved to the Algarve in search of new challenges. Accompanied by his wife, whom he likes to call his Esmeralda, they always sought to stand out from the competition by offering their customers superior quality products and personalized service. They were exclusive importers of Electro-welded Aluminum in Portugal. They were at the forefront of the introduction of PVC in the Algarve, with 20 years of experience in this material alone.<\/p>\n<p>Today, with over 40 years of experience under their belt, the &#8220;Z\u00e9 dos Alum\u00ednios&#8221; team continues with the same ambition &#8211; to serve those who seek us well, focusing on creating projects with quality materials. With the addition of new management, based on engineers, we will do our best to keep that childhood dream alive by investing in innovative products. We will continue with the philosophy that smart, personalized, and quick solutions appear more spontaneously when it comes to a small multidisciplinary team, rather than a large multinational company, always maintaining the family atmosphere with which &#8220;Z\u00e9 dos Alum\u00ednios, Lda&#8221; was born.<\/p><\/div><\/div>[\/vc_column][\/vc_row][vc_row full_width=&#8221;stretch_row&#8221; css=&#8221;.vc_custom_1692027925794{padding-top: 55px !important;padding-bottom: 70px !important;background-color: #fbfbfb !important;background-position: center !important;background-repeat: no-repeat !important;background-size: cover !important;}&#8221;][vc_column][vc_row_inner content_placement=&#8221;middle&#8221;][vc_column_inner width=&#8221;2\/3&#8243;]\r\n        <div class=\"rs-heading   vc_custom_1694349565604  \">\r\n        \t<div class=\"title-inner\">\r\n\t            \r\n\t            <h2 class=\"title\" style=\"color: #323232 !important\">Our Services<\/h2>\r\n\t            \r\n\t        <\/div><\/div>[\/vc_column_inner][vc_column_inner el_class=&#8221;text-right&#8221; width=&#8221;1\/3&#8243; css=&#8221;.vc_custom_1546863155404{padding-bottom: 40px !important;}&#8221;]\r\n<div class=\"rs-btn2 btn-right\">\r\n\t<a data-onhovercolor=\"#ffffff\" data-onhoverbg=\"#323232\" data-onleavebg=\"#000170\" data-onleavecolor=\"#ffffff\" data-bordercolor=\"#000170\" class=\"readon rs_button btn-border\" href=\"https:\/\/www.zedosaluminios.com\/en\/our-services\/\" style =\"color:#ffffff;background:#000170;border-color:#000170;\">Service Information<\/a>\r\n<\/div>[\/vc_column_inner][\/vc_row_inner][vc_row_inner el_class=&#8221;dark-service&#8221;][vc_column_inner width=&#8221;1\/3&#8243;]<div class=\"rs-services-style3  services-center  vc_custom_1694354915590 heightservices\"  >\r\n\t\t\t<div class=\"bg-img\" style=\"background-image: url(https:\/\/www.zedosaluminios.com\/wp-content\/uploads\/2023\/07\/IMG_20220804_124725-1024x484.jpg);\"><a class=\"readon\" href=\"https:\/\/www.zedosaluminios.com\/en\/windows-in-pvc-or-aluminum\/\" title=\"\">Read More<\/a><\/div>\r\n\t\r\n\t<div class=\"services-item\">\r\n\t\t<div class=\"services-icon\">\r\n\t\t\t<span style=\"\"><i class=\"vc_icon_element-icon fas fa-american-sign-language-interpreting\" style=\"color: #4caf50;font-size: 0px;\"><\/i><\/span>\r\n\t\t<\/div>\r\n\t\t<div class=\"services-desc\" >\r\n\t\t\t<h4 class=\"services-title\" style=\"padding-top: 15px;\"><a href=\"https:\/\/www.zedosaluminios.com\/en\/windows-in-pvc-or-aluminum\/\" title=\"\" style=\"color: #ffffff;font-size: 24px;\" > Windows <\/a><\/h4>\r\n\t\t\t<p  style=\"color: #fefefe\"><\/p>\r\n\t\t<\/div>\r\n\t<\/div>\t\r\n<\/div><div class=\"rs-services-style3  services-center  vc_custom_1694354929319 heightservices\"  >\r\n\t\t\t<div class=\"bg-img\" style=\"background-image: url(https:\/\/www.zedosaluminios.com\/wp-content\/uploads\/2020\/04\/Portao-Seccionado-e1587760089995.png);\"><a class=\"readon\" href=\"https:\/\/www.zedosaluminios.com\/en\/gates-and-railings\/\" title=\"\">Read More<\/a><\/div>\r\n\t\r\n\t<div class=\"services-item\">\r\n\t\t<div class=\"services-icon\">\r\n\t\t\t<span style=\"\"><i class=\"vc_icon_element-icon \" style=\"color: #4caf50;font-size: 0px;\"><\/i><\/span>\r\n\t\t<\/div>\r\n\t\t<div class=\"services-desc\" >\r\n\t\t\t<h4 class=\"services-title\" style=\"\"><a href=\"https:\/\/www.zedosaluminios.com\/en\/gates-and-railings\/\" title=\"\" style=\"color: #ffffff;font-size: 24px;\" > Gates and Railings <\/a><\/h4>\r\n\t\t\t<p  style=\"color: #fefefe\"><\/p>\r\n\t\t<\/div>\r\n\t<\/div>\t\r\n<\/div>[\/vc_column_inner][vc_column_inner width=&#8221;1\/3&#8243;]<div class=\"rs-services-style3  services-center  vc_custom_1694349649859 heightservices\"  style=\"border-color: #dddddd\" >\r\n\t\t\t<div class=\"bg-img\" style=\"background-image: url(https:\/\/www.zedosaluminios.com\/wp-content\/uploads\/2020\/04\/Img_11-1024x768.jpg);\"><a class=\"readon\" href=\"https:\/\/www.zedosaluminios.com\/marquises-em-pvc-ou-aluminio\/\" title=\"Ver Galeria\">Read More<\/a><\/div>\r\n\t\r\n\t<div class=\"services-item\">\r\n\t\t<div class=\"services-icon\">\r\n\t\t\t<span style=\"\"><i class=\"vc_icon_element-icon typcn typcn-printer\" style=\"color: #4caf50;font-size: 0px;\"><\/i><\/span>\r\n\t\t<\/div>\r\n\t\t<div class=\"services-desc\" >\r\n\t\t\t<h4 class=\"services-title\" style=\"padding-top: 15px;\"><a href=\"https:\/\/www.zedosaluminios.com\/marquises-em-pvc-ou-aluminio\/\" title=\"Ver Galeria\" style=\"color: #ffffff;font-size: 24px;\" > Marquees <\/a><\/h4>\r\n\t\t\t<p  style=\"color: #fefefe\"><\/p>\r\n\t\t<\/div>\r\n\t<\/div>\t\r\n<\/div><div class=\"rs-services-style3  services-center  vc_custom_1694354955354 heightservices\"  >\r\n\t\t\t<div class=\"bg-img\" style=\"background-image: url(https:\/\/www.zedosaluminios.com\/wp-content\/uploads\/2023\/07\/IMG-20220531-WA0004-1024x766.jpg);\"><a class=\"readon\" href=\"https:\/\/www.zedosaluminios.com\/en\/custom-made-blinds\/\" title=\"\">Read More<\/a><\/div>\r\n\t\r\n\t<div class=\"services-item\">\r\n\t\t<div class=\"services-icon\">\r\n\t\t\t<span style=\"\"><i class=\"vc_icon_element-icon \" style=\"color: #222;font-size: 0px;\"><\/i><\/span>\r\n\t\t<\/div>\r\n\t\t<div class=\"services-desc\" >\r\n\t\t\t<h4 class=\"services-title\" style=\"padding-top: 15px;\"><a href=\"https:\/\/www.zedosaluminios.com\/en\/custom-made-blinds\/\" title=\"\" style=\"color: #ffffff;font-size: 24px;\" > Blinds <\/a><\/h4>\r\n\t\t\t<p ><\/p>\r\n\t\t<\/div>\r\n\t<\/div>\t\r\n<\/div>[\/vc_column_inner][vc_column_inner width=&#8221;1\/3&#8243;]<div class=\"rs-services-style3  services-center  vc_custom_1694354970244 heightservices\"  >\r\n\t\t\t<div class=\"bg-img\" style=\"background-image: url(https:\/\/www.zedosaluminios.com\/wp-content\/uploads\/2021\/12\/WhatsApp-Image-2021-12-15-at-21.16.34-872x1024.jpeg);\"><a class=\"readon\" href=\"https:\/\/www.zedosaluminios.com\/en\/doors-in-pvc-or-aluminum\/\" title=\"Galeria\">Read More<\/a><\/div>\r\n\t\r\n\t<div class=\"services-item\">\r\n\t\t<div class=\"services-icon\">\r\n\t\t\t<span style=\"\"><i class=\"vc_icon_element-icon \" style=\"color: #222;font-size: 0px;\"><\/i><\/span>\r\n\t\t<\/div>\r\n\t\t<div class=\"services-desc\" >\r\n\t\t\t<h4 class=\"services-title\" style=\"padding-top: 15px;\"><a href=\"https:\/\/www.zedosaluminios.com\/en\/doors-in-pvc-or-aluminum\/\" title=\"Galeria\" style=\"color: #ffffff;font-size: 24px;\" > Doors <\/a><\/h4>\r\n\t\t\t<p  style=\"color: #ffffff\"><\/p>\r\n\t\t<\/div>\r\n\t<\/div>\t\r\n<\/div><div class=\"rs-services-style3  services-center  vc_custom_1694354995918 heightservices\"  style=\"border-color: #dddddd\" >\r\n\t\t\t<div class=\"bg-img\" style=\"background-image: url(https:\/\/www.zedosaluminios.com\/wp-content\/uploads\/2023\/09\/redemosqueteira-2-1024x683.jpg);\"><a class=\"readon\" href=\"https:\/\/www.zedosaluminios.com\/en\/mosquito-nets\/\" title=\"\">Read More<\/a><\/div>\r\n\t\r\n\t<div class=\"services-item\">\r\n\t\t<div class=\"services-icon\">\r\n\t\t\t<span style=\"\"><i class=\"vc_icon_element-icon typcn typcn-arrow-move-outline\" style=\"color: #4caf50;font-size: 0px;\"><\/i><\/span>\r\n\t\t<\/div>\r\n\t\t<div class=\"services-desc\" >\r\n\t\t\t<h4 class=\"services-title\" style=\"padding-top: 15px;\"><a href=\"https:\/\/www.zedosaluminios.com\/en\/mosquito-nets\/\" title=\"\" style=\"color: #ffffff;font-size: 24px;\" > Mosquito Nets <\/a><\/h4>\r\n\t\t\t<p  style=\"color: #fefefe\"><\/p>\r\n\t\t<\/div>\r\n\t<\/div>\t\r\n<\/div>[\/vc_column_inner][\/vc_row_inner][\/vc_column][\/vc_row][vc_row full_width=&#8221;stretch_row&#8221; css=&#8221;.vc_custom_1692025227842{background-color: #383286 !important;}&#8221;][vc_column][vc_row_inner][vc_column_inner width=&#8221;1\/4&#8243;]\r\n\t\t<div class=\"services-main rs-services-default  services-center\"  data-icon-hover=\"#ccc\" data-icon-hoverbg=\"\" data-icon-bg=\"\" data-icon-color=\"#ffffff\">\r\n\r\n\t\t<div class=\"services-wrap  \"> \r\n         <div class=\"services-item\">\r\n            <div class=\"services-icon \"><i class=\"rs-custom-icon flaticon-pen\" aria-hidden=\"true\" style =\"color: #ffffff;font-size: 100px;\"><\/i><\/div>        \r\n\t\t\t<div class=\"services-desc\" >\r\n\t\t\t\t<h2 style =\"\" class=\"services-title\"><a data-onhovercolor=\"#222\" data-onleavecolor=\"#ffffff\"  style=\"color: #ffffff;\">We Offer Free Estimates<\/a><\/h2>\r\n\t\t\t\t<p  style=\"color: #ffffff\">We pay the utmost attention to your requests. Tell us what you need, and you will receive a budget proposal. <\/p>\r\n\t\t\t\t<\/div>\r\n\t\t\t<\/div>\t\r\n\t\t<\/div><\/div>[\/vc_column_inner][vc_column_inner width=&#8221;1\/4&#8243;]\r\n\t\t<div class=\"services-main rs-services-default  services-center\"  data-icon-hover=\"#ccc\" data-icon-hoverbg=\"\" data-icon-bg=\"\" data-icon-color=\"#ffffff\">\r\n\r\n\t\t<div class=\"services-wrap  \"> \r\n         <div class=\"services-item\">\r\n            <div class=\"services-icon \"><i class=\"rs-custom-icon flaticon-diamond\" aria-hidden=\"true\" style =\"color: #ffffff;font-size: 100px;\"><\/i><\/div>        \r\n\t\t\t<div class=\"services-desc\" >\r\n\t\t\t\t<h2 style =\"\" class=\"services-title\"><a data-onhovercolor=\"#222\" data-onleavecolor=\"#ffffff\"  style=\"color: #ffffff;\">Premium Quality Products<\/a><\/h2>\r\n\t\t\t\t<p  style=\"color: #ffffff\">We provide our customers with the finest products to ensure everything meets their expectations. <\/p>\r\n\t\t\t\t<\/div>\r\n\t\t\t<\/div>\t\r\n\t\t<\/div><\/div>[\/vc_column_inner][vc_column_inner width=&#8221;1\/4&#8243;]\r\n\t\t<div class=\"services-main rs-services-default  services-center\"  data-icon-hover=\"#ccc\" data-icon-hoverbg=\"\" data-icon-bg=\"\" data-icon-color=\"#ffffff\">\r\n\r\n\t\t<div class=\"services-wrap  \"> \r\n         <div class=\"services-item\">\r\n            <div class=\"services-icon \"><i class=\"rs-custom-icon flaticon-money-1\" aria-hidden=\"true\" style =\"color: #ffffff;font-size: 100px;\"><\/i><\/div>        \r\n\t\t\t<div class=\"services-desc\" >\r\n\t\t\t\t<h2 style =\"\" class=\"services-title\"><a data-onhovercolor=\"#222\" data-onleavecolor=\"#ffffff\"  style=\"color: #ffffff;\">Payment Convenience<\/a><\/h2>\r\n\t\t\t\t<p  style=\"color: #ffffff\">We are attentive to your needs, which is why we offer various payment options for your convenience. <\/p>\r\n\t\t\t\t<\/div>\r\n\t\t\t<\/div>\t\r\n\t\t<\/div><\/div>[\/vc_column_inner][vc_column_inner width=&#8221;1\/4&#8243;]\r\n\t\t<div class=\"services-main rs-services-default  services-center\"  data-icon-hover=\"#ccc\" data-icon-hoverbg=\"\" data-icon-bg=\"\" data-icon-color=\"#ffffff\">\r\n\r\n\t\t<div class=\"services-wrap  \"> \r\n         <div class=\"services-item\">\r\n            <div class=\"services-icon \"><i class=\"rs-custom-icon flaticon-career\" aria-hidden=\"true\" style =\"color: #ffffff;font-size: 100px;\"><\/i><\/div>        \r\n\t\t\t<div class=\"services-desc\" >\r\n\t\t\t\t<h2 style =\"\" class=\"services-title\"><a data-onhovercolor=\"#222\" data-onleavecolor=\"#ffffff\"  style=\"color: #ffffff;\">Experienced and Specialized Team<\/a><\/h2>\r\n\t\t\t\t<p  style=\"color: #ffffff\">We have been in the market for over 40 years to serve our customers in the best possible way. <\/p>\r\n\t\t\t\t<\/div>\r\n\t\t\t<\/div>\t\r\n\t\t<\/div><\/div>[\/vc_column_inner][\/vc_row_inner][\/vc_column][\/vc_row][vc_row css=&#8221;.vc_custom_1590326743209{margin-top: 30px !important;}&#8221; el_id=&#8221;services&#8221;][vc_column]<div class=\"rs-header-title header-left  vc_custom_1694355146422 #services\">         \r\n        \t\t<h2 class=\"title\">Useful Information about Our Services<\/h2><\/div>[vc_column_text]<\/p>\n<h4>Aluminum<\/h4>\n<p>Traditional aluminum framing, which can have thermal break (TB) or not. At Z\u00e9 dos Alum\u00ednios, we always recommend opting for aluminum with TB because, contrary to what many people think, the &#8220;thermal&#8221; feature is not only useful in winter but also in summer, especially in the climate of our Algarve, which can be quite hot during this season. &#8220;Thermal&#8221; aluminum not only prevents the escape of heat from our homes to the outside during winter but also the entry of external heat into the interior during summer.<\/p>\n<h4>Special Cortizo Series and Others<\/h4>\n<p>We also offer various series of Cortizo Aluminum, such as minimalist series (CorVision and Concealed Leaf) or folding doors.<\/p>\n<h4>PVC<\/h4>\n<p>The best feature of PVC frames is their thermal insulation quality. By combining this feature with internal steel reinforcement and material treatment for the Algarve climate, we have strong, durable, and thermally efficient frames with an excellent price-quality ratio. PVC comes in a wide range of colors, either in film or powder-coated, and it provides an excellent imitation of wood \u2013 allowing us to have the beauty of wood in our homes with virtually no maintenance. Maintaining a PVC window involves simply wiping it with a damp cloth and nothing more.[\/vc_column_text][\/vc_column][\/vc_row][vc_row full_width=&#8221;stretch_row_content_no_spaces&#8221; el_class=&#8221;google-map&#8221; css=&#8221;.vc_custom_1543392580935{padding-top: 0px !important;padding-right: 0px !important;padding-bottom: 0px !important;padding-left: 0px !important;}&#8221; el_id=&#8221;google-map&#8221;][vc_column css=&#8221;.vc_custom_1543910139263{margin-top: 0px !important;padding-top: 0px !important;}&#8221;][vc_gmaps link=&#8221;#E-8_JTNDaWZyYW1lJTIwc3JjJTNEJTIyaHR0cHMlM0ElMkYlMkZ3d3cuZ29vZ2xlLmNvbSUyRm1hcHMlMkZlbWJlZCUzRnBiJTNEJTIxMW0xOCUyMTFtMTIlMjExbTMlMjExZDE4OTEuOTg1MDk5ODk5NTE2NiUyMTJkLTguNjgwODM0NTA1NzE2ODYlMjEzZDM3LjEwNjg1NTcxNDQ3ODM5JTIxMm0zJTIxMWYwJTIxMmYwJTIxM2YwJTIxM20yJTIxMWkxMDI0JTIxMmk3NjglMjE0ZjEzLjElMjEzbTMlMjExbTIlMjExczB4ZDFiMzFjYWNhNWQyMjgzJTI1M0EweDEyOWNlOGE5Yzc4YzAzMGUlMjEyeldzT3BJR1J2Y3lCQmJIVnR3NjF1YVc5ekxDQk1ZV2R2Y3clMjE1ZTAlMjEzbTIlMjExc3B0LVBUJTIxMnNwdCUyMTR2MTU4ODE2NDYwNTUxNyUyMTVtMiUyMTFzcHQtUFQlMjEyc3B0JTIyJTIwd2lkdGglM0QlMjI2MDAlMjIlMjBoZWlnaHQlM0QlMjI1MDAlMjIlMjBzdHlsZSUzRCUyMmJvcmRlciUzQTAlMjIlMjBhbGxvd2Z1bGxzY3JlZW4lM0UlM0MlMkZpZnJhbWUlM0U=&#8221; css=&#8221;.vc_custom_1588164685009{margin-top: 0px !important;padding-top: 0px !important;}&#8221;][\/vc_column][\/vc_row]<\/p>\n","protected":false},"excerpt":{"rendered":"<p>[vc_row equal_height=&#8221;yes&#8221; content_placement=&#8221;middle&#8221; css=&#8221;.vc_custom_1590326118030{margin-top: 65px !important;margin-bottom: 30px !important;}&#8221;][vc_column width=&#8221;1\/2&#8243;][vc_single_image image=&#8221;3740&#8243; img_size=&#8221;full&#8221; css=&#8221;.vc_custom_1588688203380{margin-top: 0px !important;}&#8221;][\/vc_column][vc_column width=&#8221;1\/2&#8243;][\/vc_column][\/vc_row][vc_row full_width=&#8221;stretch_row&#8221; css=&#8221;.vc_custom_1692027925794{padding-top: 55px !important;padding-bottom: 70px !important;background-color: #fbfbfb&#8230;<\/p>\n","protected":false},"author":1,"featured_media":0,"parent":0,"menu_order":0,"comment_status":"closed","ping_status":"closed","template":"","meta":{"footnotes":""},"class_list":["post-4623","page","type-page","status-publish","hentry"],"acf":[],"yoast_head":"<!-- This site is optimized with the Yoast SEO Premium plugin v20.13 (Yoast SEO v24.1) - https:\/\/yoast.com\/wordpress\/plugins\/seo\/ -->\n<title>About Us - Z\u00e9 dos Aluminios - Servi\u00e7os em Alum\u00ednios e PVCs<\/title>\n<meta name=\"robots\" content=\"index, follow, max-snippet:-1, max-image-preview:large, max-video-preview:-1\" \/>\n<link rel=\"canonical\" href=\"https:\/\/www.zedosaluminios.com\/en\/about-us\/\" \/>\n<meta property=\"og:locale\" content=\"en_US\" \/>\n<meta property=\"og:type\" content=\"article\" \/>\n<meta property=\"og:title\" content=\"About Us\" \/>\n<meta property=\"og:description\" content=\"[vc_row equal_height=&#8221;yes&#8221; content_placement=&#8221;middle&#8221; css=&#8221;.vc_custom_1590326118030{margin-top: 65px !important;margin-bottom: 30px !important;}&#8221;][vc_column width=&#8221;1\/2&#8243;][vc_single_image image=&#8221;3740&#8243; img_size=&#8221;full&#8221; css=&#8221;.vc_custom_1588688203380{margin-top: 0px !important;}&#8221;][\/vc_column][vc_column width=&#8221;1\/2&#8243;][\/vc_column][\/vc_row][vc_row full_width=&#8221;stretch_row&#8221; css=&#8221;.vc_custom_1692027925794{padding-top: 55px !important;padding-bottom: 70px !important;background-color: #fbfbfb...\" \/>\n<meta property=\"og:url\" content=\"https:\/\/www.zedosaluminios.com\/en\/about-us\/\" \/>\n<meta property=\"og:site_name\" content=\"Z\u00e9 dos Aluminios - Servi\u00e7os em Alum\u00ednios e PVCs\" \/>\n<meta property=\"article:modified_time\" content=\"2023-09-10T14:12:28+00:00\" \/>\n<meta name=\"twitter:card\" content=\"summary_large_image\" \/>\n<meta name=\"twitter:label1\" content=\"Est. reading time\" \/>\n\t<meta name=\"twitter:data1\" content=\"7 minutes\" \/>\n<script type=\"application\/ld+json\" class=\"yoast-schema-graph\">{\"@context\":\"https:\/\/schema.org\",\"@graph\":[{\"@type\":\"WebPage\",\"@id\":\"https:\/\/www.zedosaluminios.com\/en\/about-us\/\",\"url\":\"https:\/\/www.zedosaluminios.com\/en\/about-us\/\",\"name\":\"About Us - Z\u00e9 dos Aluminios - Servi\u00e7os em Alum\u00ednios e PVCs\",\"isPartOf\":{\"@id\":\"https:\/\/www.zedosaluminios.com\/#website\"},\"datePublished\":\"2018-11-17T04:41:46+00:00\",\"dateModified\":\"2023-09-10T14:12:28+00:00\",\"breadcrumb\":{\"@id\":\"https:\/\/www.zedosaluminios.com\/en\/about-us\/#breadcrumb\"},\"inLanguage\":\"en-US\",\"potentialAction\":[{\"@type\":\"ReadAction\",\"target\":[\"https:\/\/www.zedosaluminios.com\/en\/about-us\/\"]}]},{\"@type\":\"BreadcrumbList\",\"@id\":\"https:\/\/www.zedosaluminios.com\/en\/about-us\/#breadcrumb\",\"itemListElement\":[{\"@type\":\"ListItem\",\"position\":1,\"name\":\"Home\",\"item\":\"https:\/\/www.zedosaluminios.com\/en\/\"},{\"@type\":\"ListItem\",\"position\":2,\"name\":\"About Us\"}]},{\"@type\":\"WebSite\",\"@id\":\"https:\/\/www.zedosaluminios.com\/#website\",\"url\":\"https:\/\/www.zedosaluminios.com\/\",\"name\":\"Z\u00e9 dos Aluminios - Servi\u00e7os em Alum\u00ednios e PVCs\",\"description\":\"Z\u00e9 dos Aluminios - Servi\u00e7os em Alum\u00ednios e PVCs\",\"potentialAction\":[{\"@type\":\"SearchAction\",\"target\":{\"@type\":\"EntryPoint\",\"urlTemplate\":\"https:\/\/www.zedosaluminios.com\/?s={search_term_string}\"},\"query-input\":{\"@type\":\"PropertyValueSpecification\",\"valueRequired\":true,\"valueName\":\"search_term_string\"}}],\"inLanguage\":\"en-US\"}]}<\/script>\n<!-- \/ Yoast SEO Premium plugin. -->","yoast_head_json":{"title":"About Us - Z\u00e9 dos Aluminios - Servi\u00e7os em Alum\u00ednios e PVCs","robots":{"index":"index","follow":"follow","max-snippet":"max-snippet:-1","max-image-preview":"max-image-preview:large","max-video-preview":"max-video-preview:-1"},"canonical":"https:\/\/www.zedosaluminios.com\/en\/about-us\/","og_locale":"en_US","og_type":"article","og_title":"About Us","og_description":"[vc_row equal_height=&#8221;yes&#8221; content_placement=&#8221;middle&#8221; css=&#8221;.vc_custom_1590326118030{margin-top: 65px !important;margin-bottom: 30px !important;}&#8221;][vc_column width=&#8221;1\/2&#8243;][vc_single_image image=&#8221;3740&#8243; img_size=&#8221;full&#8221; css=&#8221;.vc_custom_1588688203380{margin-top: 0px !important;}&#8221;][\/vc_column][vc_column width=&#8221;1\/2&#8243;][\/vc_column][\/vc_row][vc_row full_width=&#8221;stretch_row&#8221; css=&#8221;.vc_custom_1692027925794{padding-top: 55px !important;padding-bottom: 70px !important;background-color: #fbfbfb...","og_url":"https:\/\/www.zedosaluminios.com\/en\/about-us\/","og_site_name":"Z\u00e9 dos Aluminios - Servi\u00e7os em Alum\u00ednios e PVCs","article_modified_time":"2023-09-10T14:12:28+00:00","twitter_card":"summary_large_image","twitter_misc":{"Est. reading time":"7 minutes"},"schema":{"@context":"https:\/\/schema.org","@graph":[{"@type":"WebPage","@id":"https:\/\/www.zedosaluminios.com\/en\/about-us\/","url":"https:\/\/www.zedosaluminios.com\/en\/about-us\/","name":"About Us - Z\u00e9 dos Aluminios - Servi\u00e7os em Alum\u00ednios e PVCs","isPartOf":{"@id":"https:\/\/www.zedosaluminios.com\/#website"},"datePublished":"2018-11-17T04:41:46+00:00","dateModified":"2023-09-10T14:12:28+00:00","breadcrumb":{"@id":"https:\/\/www.zedosaluminios.com\/en\/about-us\/#breadcrumb"},"inLanguage":"en-US","potentialAction":[{"@type":"ReadAction","target":["https:\/\/www.zedosaluminios.com\/en\/about-us\/"]}]},{"@type":"BreadcrumbList","@id":"https:\/\/www.zedosaluminios.com\/en\/about-us\/#breadcrumb","itemListElement":[{"@type":"ListItem","position":1,"name":"Home","item":"https:\/\/www.zedosaluminios.com\/en\/"},{"@type":"ListItem","position":2,"name":"About Us"}]},{"@type":"WebSite","@id":"https:\/\/www.zedosaluminios.com\/#website","url":"https:\/\/www.zedosaluminios.com\/","name":"Z\u00e9 dos Aluminios - Servi\u00e7os em Alum\u00ednios e PVCs","description":"Z\u00e9 dos Aluminios - Servi\u00e7os em Alum\u00ednios e PVCs","potentialAction":[{"@type":"SearchAction","target":{"@type":"EntryPoint","urlTemplate":"https:\/\/www.zedosaluminios.com\/?s={search_term_string}"},"query-input":{"@type":"PropertyValueSpecification","valueRequired":true,"valueName":"search_term_string"}}],"inLanguage":"en-US"}]}},"_links":{"self":[{"href":"https:\/\/www.zedosaluminios.com\/en\/wp-json\/wp\/v2\/pages\/4623","targetHints":{"allow":["GET"]}}],"collection":[{"href":"https:\/\/www.zedosaluminios.com\/en\/wp-json\/wp\/v2\/pages"}],"about":[{"href":"https:\/\/www.zedosaluminios.com\/en\/wp-json\/wp\/v2\/types\/page"}],"author":[{"embeddable":true,"href":"https:\/\/www.zedosaluminios.com\/en\/wp-json\/wp\/v2\/users\/1"}],"replies":[{"embeddable":true,"href":"https:\/\/www.zedosaluminios.com\/en\/wp-json\/wp\/v2\/comments?post=4623"}],"version-history":[{"count":4,"href":"https:\/\/www.zedosaluminios.com\/en\/wp-json\/wp\/v2\/pages\/4623\/revisions"}],"predecessor-version":[{"id":4676,"href":"https:\/\/www.zedosaluminios.com\/en\/wp-json\/wp\/v2\/pages\/4623\/revisions\/4676"}],"wp:attachment":[{"href":"https:\/\/www.zedosaluminios.com\/en\/wp-json\/wp\/v2\/media?parent=4623"}],"curies":[{"name":"wp","href":"https:\/\/api.w.org\/{rel}","templated":true}]}}